{"id":36249,"date":"2024-11-27T16:42:32","date_gmt":"2024-11-27T15:42:32","guid":{"rendered":"https:\/\/www.albisbrunn.ch\/wp\/?page_id=36249"},"modified":"2025-12-29T14:36:37","modified_gmt":"2025-12-29T13:36:37","slug":"sekretariat","status":"publish","type":"page","link":"https:\/\/www.albisbrunn.ch\/wp\/sekretariat\/","title":{"rendered":"Sekretariat"},"content":{"rendered":"<p>[et_pb_section fb_built=&#187;1&#8243; fullwidth=&#187;on&#187; _builder_version=&#187;4.19.4&#8243; background_size=&#187;contain&#187; global_colors_info=&#187;{}&#187;][et_pb_fullwidth_slider show_content_on_mobile=&#187;off&#187; use_bg_overlay=&#187;on&#187; admin_label=&#187;Fullwidth Slider&#187; _builder_version=&#187;4.27.5&#8243; background_enable_color=&#187;off&#187; background_enable_image=&#187;off&#187; parallax=&#187;on&#187; parallax_method=&#187;on&#187; custom_padding=&#187;|||&#187; custom_padding_tablet=&#187;|||&#187; custom_padding_phone=&#187;|||&#187; box_shadow_style=&#187;preset6&#8243; box_shadow_blur=&#187;10px&#187; box_shadow_color=&#187;rgba(0,0,0,0.1)&#187; text_shadow_style=&#187;preset1&#8243; text_shadow_color=&#187;#009BDC&#187; remove_inner_shadow=&#187;off&#187; hide_content_on_mobile=&#187;on&#187; hide_cta_on_mobile=&#187;off&#187; show_inner_shadow=&#187;on&#187; button_letter_spacing_hover=&#187;0&#8243; global_colors_info=&#187;{}&#187; button_text_size__hover_enabled=&#187;off&#187; button_one_text_size__hover_enabled=&#187;off&#187; button_two_text_size__hover_enabled=&#187;off&#187; button_text_color__hover_enabled=&#187;off&#187; button_one_text_color__hover_enabled=&#187;off&#187; button_two_text_color__hover_enabled=&#187;off&#187; button_border_width__hover_enabled=&#187;off&#187; button_one_border_width__hover_enabled=&#187;off&#187; button_two_border_width__hover_enabled=&#187;off&#187; button_border_color__hover_enabled=&#187;off&#187; button_one_border_color__hover_enabled=&#187;off&#187; button_two_border_color__hover_enabled=&#187;off&#187; button_border_radius__hover_enabled=&#187;off&#187; button_one_border_radius__hover_enabled=&#187;off&#187; button_two_border_radius__hover_enabled=&#187;off&#187; button_letter_spacing__hover_enabled=&#187;on&#187; button_letter_spacing__hover=&#187;0&#8243; button_one_letter_spacing__hover_enabled=&#187;off&#187; button_two_letter_spacing__hover_enabled=&#187;off&#187; button_bg_color__hover_enabled=&#187;off&#187; button_one_bg_color__hover_enabled=&#187;off&#187; button_two_bg_color__hover_enabled=&#187;off&#187;][et_pb_slide heading=&#187;Sekretariat&#187; image_alt=&#187;Dienstleistungsbetriebe Titel Foto&#187; _builder_version=&#187;4.19.4&#8243; background_color=&#187;#ffffff&#187; background_image=&#187;https:\/\/www.albisbrunn.ch\/wp\/wp-content\/uploads\/2024\/12\/Sekretariat_TEST-1-scaled.jpg&#187; background_enable_image=&#187;on&#187; background_size=&#187;contain&#187; background_position=&#187;bottom_center&#187; background_blend=&#187;hue&#187; global_colors_info=&#187;{}&#187; button_text_size__hover_enabled=&#187;off&#187; button_one_text_size__hover_enabled=&#187;off&#187; button_two_text_size__hover_enabled=&#187;off&#187; button_text_color__hover_enabled=&#187;off&#187; button_one_text_color__hover_enabled=&#187;off&#187; button_two_text_color__hover_enabled=&#187;off&#187; button_border_width__hover_enabled=&#187;off&#187; button_one_border_width__hover_enabled=&#187;off&#187; button_two_border_width__hover_enabled=&#187;off&#187; button_border_color__hover_enabled=&#187;off&#187; button_one_border_color__hover_enabled=&#187;off&#187; button_two_border_color__hover_enabled=&#187;off&#187; button_border_radius__hover_enabled=&#187;off&#187; button_one_border_radius__hover_enabled=&#187;off&#187; button_two_border_radius__hover_enabled=&#187;off&#187; button_letter_spacing__hover_enabled=&#187;off&#187; button_one_letter_spacing__hover_enabled=&#187;off&#187; button_two_letter_spacing__hover_enabled=&#187;off&#187; button_bg_color__hover_enabled=&#187;off&#187; button_one_bg_color__hover_enabled=&#187;off&#187; button_two_bg_color__hover_enabled=&#187;off&#187; sticky_transition=&#187;on&#187;][\/et_pb_slide][\/et_pb_fullwidth_slider][\/et_pb_section][et_pb_section fb_built=&#187;1&#8243; _builder_version=&#187;4.16&#8243; global_colors_info=&#187;{}&#187;][et_pb_row column_structure=&#187;2_3,1_3&#8243; _builder_version=&#187;4.19.4&#8243; _module_preset=&#187;default&#187; global_colors_info=&#187;{}&#187;][et_pb_column type=&#187;2_3&#8243; _builder_version=&#187;4.19.4&#8243; _module_preset=&#187;default&#187; global_colors_info=&#187;{}&#187;][et_pb_text _builder_version=&#187;4.19.4&#8243; _module_preset=&#187;default&#187; global_colors_info=&#187;{}&#187;]<\/p>\n<p>Unser Sekretariat ist das Herzst\u00fcck von Albisbrunn und am Telefon und Empfang die erste Anlaufstelle f\u00fcr Jugendliche, Mitarbeitende, Eltern, Beh\u00f6rden, Kunden, Lieferanten und Handwerker.\u00a0 Ob Anliegen von Jugendlichen, Anfragen von Eltern oder Projekte mit Handwerkern und Beh\u00f6rden \u2013 bei uns laufen die F\u00e4den zusammen. Mit Engagement, Organisationstalent und einem L\u00e4cheln sorgen wir daf\u00fcr, dass alles reibungslos funktioniert.<\/p>\n<p>&nbsp;<\/p>\n<h2><strong>Dein Sprungbrett in die Berufswelt<\/strong><\/h2>\n<p>Die Ausbildung von Kaufm\u00e4nnern liegt uns besonders am Herzen. Bei uns erwarten dich nicht nur spannende Aufgaben, sondern auch ein humorvolles, unterst\u00fctzendes und wertsch\u00e4tzendes Arbeitsklima. Unsere KV-Lernenden sind von Anfang an Teil des Teams. Sie erhalten Einblicke in alle relevanten Bereiche und \u00fcbernehmen Verantwortung, immer mit der Gewissheit, von erfahrenen Kolleginnen und Kollegen begleitet zu werden.\u00a0<\/p>\n<p>&nbsp;<\/p>\n<h2><strong>Erste Schritte in die Arbeitswelt\u00a0 <\/strong><\/h2>\n<p>Wir erm\u00f6glichen Sch\u00fclern im Rahmen von Arbeitspraktika einen ersten Einblick in die &#171;B\u00fcrowelt&#187; und freuen uns immer \u00fcber deren Unterst\u00fctzung.<\/p>\n<p>&nbsp;<\/p>\n<h2><strong>Zusammenarbeit auf Augenh\u00f6he<\/strong><\/h2>\n<p>Unser Teamgeist basiert auf gegenseitigem Respekt, Humor und Empathie. F\u00fcr uns ist eine gute Beziehung und eine Zusammenarbeit auf Augenh\u00f6he die Grundlage f\u00fcr unseren Erfolg. Gemeinsam meistern wir jede Herausforderung und schaffen eine Atmosph\u00e4re, in der sich alle wohl und gesch\u00e4tzt f\u00fchlen.\u00a0<\/p>\n<p>&nbsp;<\/p>\n<p>[\/et_pb_text][\/et_pb_column][et_pb_column type=&#187;1_3&#8243; _builder_version=&#187;4.19.4&#8243; _module_preset=&#187;default&#187; global_colors_info=&#187;{}&#187;][et_pb_image src=&#187;https:\/\/www.albisbrunn.ch\/wp\/wp-content\/uploads\/2024\/11\/Sekretariat-Jugendliche-scaled.jpg&#187; title_text=&#187;Sekretariat-Jugendliche&#187; _builder_version=&#187;4.19.4&#8243; _module_preset=&#187;default&#187; global_colors_info=&#187;{}&#187;][\/et_pb_image][\/et_pb_column][\/et_pb_row][\/et_pb_section][et_pb_section fb_built=&#187;1&#8243; _builder_version=&#187;4.19.4&#8243; _module_preset=&#187;default&#187; background_color=&#187;#2e2e2e&#187; global_colors_info=&#187;{}&#187;][et_pb_row _builder_version=&#187;4.19.4&#8243; _module_preset=&#187;default&#187; global_colors_info=&#187;{}&#187;][et_pb_column type=&#187;4_4&#8243; _builder_version=&#187;4.19.4&#8243; _module_preset=&#187;default&#187; global_colors_info=&#187;{}&#187;][et_pb_text _builder_version=&#187;4.19.4&#8243; _module_preset=&#187;default&#187; global_colors_info=&#187;{}&#187;]<\/p>\n<h1 style=\"text-align: center;\"><span style=\"color: #e6e6e6;\">Verwaltung \u2013 Lehrstellen<\/span><\/h1>\n<p>[\/et_pb_text][\/et_pb_column][\/et_pb_row][et_pb_row column_structure=&#187;1_2,1_2&#8243; _builder_version=&#187;4.19.4&#8243; _module_preset=&#187;default&#187; global_colors_info=&#187;{}&#187;][et_pb_column type=&#187;1_2&#8243; _builder_version=&#187;4.19.4&#8243; _module_preset=&#187;default&#187; global_colors_info=&#187;{}&#187;][et_pb_text _builder_version=&#187;4.19.4&#8243; _module_preset=&#187;default&#187; custom_padding=&#187;||5px|||&#187; global_colors_info=&#187;{}&#187;]<\/p>\n<h3><span style=\"color: #e6e6e6;\">Verwaltung<\/span><\/h3>\n<p><span style=\"color: #e6e6e6;\"><\/span><\/p>\n<ul>\n<li><span style=\"color: #e6e6e6;\">Kaufmann (EFZ\/EBA)<\/span><\/li>\n<\/ul>\n<p><span style=\"color: #e6e6e6;\"><\/span><\/p>\n<p><span style=\"color: #e6e6e6;\">Der Kaufmann in Albisbrunn arbeitet im Sekretariat Empfang und in der Buchhaltung. Er empf\u00e4ngt Kund:innen und Jugendliche am Empfang, f\u00fchrt Korrespondenzen und Listen, organisiert Anl\u00e4sse, gestaltet Flyer, verschickt Termine, ist zust\u00e4ndig f\u00fcr den Postein- und Ausgang und das B\u00fcromaterial.<\/span><\/p>\n<p><span style=\"color: #e6e6e6;\"><\/span><\/p>\n<p>[\/et_pb_text][\/et_pb_column][et_pb_column type=&#187;1_2&#8243; _builder_version=&#187;4.19.4&#8243; _module_preset=&#187;default&#187; global_colors_info=&#187;{}&#187;][\/et_pb_column][\/et_pb_row][\/et_pb_section][et_pb_section fb_built=&#187;1&#8243; custom_padding_last_edited=&#187;on|desktop&#187; admin_label=&#187;section&#187; _builder_version=&#187;4.16&#8243; background_color=&#187;#2e2e2e&#187; custom_padding=&#187;||0px|||&#187; custom_padding_tablet=&#187;50px|0|50px|0&#8243; custom_padding_phone=&#187;&#187; transparent_background=&#187;off&#187; padding_mobile=&#187;off&#187; global_colors_info=&#187;{}&#187;][et_pb_row column_structure=&#187;1_2,1_2&#8243; _builder_version=&#187;4.19.4&#8243; _module_preset=&#187;default&#187; custom_padding=&#187;16px|||||&#187; global_colors_info=&#187;{}&#187;][et_pb_column type=&#187;1_2&#8243; _builder_version=&#187;4.19.4&#8243; _module_preset=&#187;default&#187; global_colors_info=&#187;{}&#187;][et_pb_contact_form _builder_version=&#187;4.19.4&#8243; _module_preset=&#187;default&#187; _unique_id=&#187;8f6c98ea-21d1-42cf-82e0-32d7798db46b&#187; global_colors_info=&#187;{}&#187;][et_pb_contact_field field_id=&#187;Name&#187; field_title=&#187;Name&#187; _builder_version=&#187;4.16&#8243; global_colors_info=&#187;{}&#187; button_text_size__hover_enabled=&#187;off&#187; button_one_text_size__hover_enabled=&#187;off&#187; button_two_text_size__hover_enabled=&#187;off&#187; button_text_color__hover_enabled=&#187;off&#187; button_one_text_color__hover_enabled=&#187;off&#187; button_two_text_color__hover_enabled=&#187;off&#187; button_border_width__hover_enabled=&#187;off&#187; button_one_border_width__hover_enabled=&#187;off&#187; button_two_border_width__hover_enabled=&#187;off&#187; button_border_color__hover_enabled=&#187;off&#187; button_one_border_color__hover_enabled=&#187;off&#187; button_two_border_color__hover_enabled=&#187;off&#187; button_border_radius__hover_enabled=&#187;off&#187; button_one_border_radius__hover_enabled=&#187;off&#187; button_two_border_radius__hover_enabled=&#187;off&#187; button_letter_spacing__hover_enabled=&#187;off&#187; button_one_letter_spacing__hover_enabled=&#187;off&#187; button_two_letter_spacing__hover_enabled=&#187;off&#187; button_bg_color__hover_enabled=&#187;off&#187; button_one_bg_color__hover_enabled=&#187;off&#187; button_two_bg_color__hover_enabled=&#187;off&#187;][\/et_pb_contact_field][et_pb_contact_field field_id=&#187;E-Mail&#187; field_title=&#187;E-Mail&#187; field_type=&#187;email&#187; _builder_version=&#187;4.19.4&#8243; global_colors_info=&#187;{}&#187; button_text_size__hover_enabled=&#187;off&#187; button_one_text_size__hover_enabled=&#187;off&#187; button_two_text_size__hover_enabled=&#187;off&#187; button_text_color__hover_enabled=&#187;off&#187; button_one_text_color__hover_enabled=&#187;off&#187; button_two_text_color__hover_enabled=&#187;off&#187; button_border_width__hover_enabled=&#187;off&#187; button_one_border_width__hover_enabled=&#187;off&#187; button_two_border_width__hover_enabled=&#187;off&#187; button_border_color__hover_enabled=&#187;off&#187; button_one_border_color__hover_enabled=&#187;off&#187; button_two_border_color__hover_enabled=&#187;off&#187; button_border_radius__hover_enabled=&#187;off&#187; button_one_border_radius__hover_enabled=&#187;off&#187; button_two_border_radius__hover_enabled=&#187;off&#187; button_letter_spacing__hover_enabled=&#187;off&#187; button_one_letter_spacing__hover_enabled=&#187;off&#187; button_two_letter_spacing__hover_enabled=&#187;off&#187; button_bg_color__hover_enabled=&#187;off&#187; button_one_bg_color__hover_enabled=&#187;off&#187; button_two_bg_color__hover_enabled=&#187;off&#187;][\/et_pb_contact_field][et_pb_contact_field field_id=&#187;Nachricht&#187; field_title=&#187;Nachricht&#187; field_type=&#187;text&#187; fullwidth_field=&#187;on&#187; _builder_version=&#187;4.19.4&#8243; global_colors_info=&#187;{}&#187; button_text_size__hover_enabled=&#187;off&#187; button_one_text_size__hover_enabled=&#187;off&#187; button_two_text_size__hover_enabled=&#187;off&#187; button_text_color__hover_enabled=&#187;off&#187; button_one_text_color__hover_enabled=&#187;off&#187; button_two_text_color__hover_enabled=&#187;off&#187; button_border_width__hover_enabled=&#187;off&#187; button_one_border_width__hover_enabled=&#187;off&#187; button_two_border_width__hover_enabled=&#187;off&#187; button_border_color__hover_enabled=&#187;off&#187; button_one_border_color__hover_enabled=&#187;off&#187; button_two_border_color__hover_enabled=&#187;off&#187; button_border_radius__hover_enabled=&#187;off&#187; button_one_border_radius__hover_enabled=&#187;off&#187; button_two_border_radius__hover_enabled=&#187;off&#187; button_letter_spacing__hover_enabled=&#187;off&#187; button_one_letter_spacing__hover_enabled=&#187;off&#187; button_two_letter_spacing__hover_enabled=&#187;off&#187; button_bg_color__hover_enabled=&#187;off&#187; button_one_bg_color__hover_enabled=&#187;off&#187; button_two_bg_color__hover_enabled=&#187;off&#187;][\/et_pb_contact_field][\/et_pb_contact_form][\/et_pb_column][et_pb_column type=&#187;1_2&#8243; _builder_version=&#187;4.19.4&#8243; _module_preset=&#187;default&#187; global_colors_info=&#187;{}&#187;][et_pb_text admin_label=&#187;Titel&#187; _builder_version=&#187;4.16&#8243; background_size=&#187;initial&#187; background_position=&#187;top_left&#187; background_repeat=&#187;repeat&#187; background_layout=&#187;dark&#187; use_border_color=&#187;off&#187; border_style=&#187;solid&#187; global_colors_info=&#187;{}&#187;]<\/p>\n<h3>Kontaktdaten<\/h3>\n<p>Was Sie auch f\u00fcr ein Anliegen haben, wir nehmen uns gerne Zeit f\u00fcr Sie. <\/p>\n<p>[\/et_pb_text][et_pb_text _builder_version=&#187;4.19.4&#8243; background_size=&#187;initial&#187; background_position=&#187;top_left&#187; background_repeat=&#187;repeat&#187; background_layout=&#187;dark&#187; width=&#187;100%&#187; min_height=&#187;218.6px&#187; custom_margin=&#187;|-14px||||&#187; custom_padding=&#187;|0px||0px||&#187; use_border_color=&#187;off&#187; border_style=&#187;solid&#187; global_colors_info=&#187;{}&#187;]<\/p>\n<p><strong>Telefon:<\/strong> +41 44 764 81 81<\/p>\n<p><a href=\"&#109;&#x61;&#x69;l&#116;&#x6f;:&#115;&#x65;&#x6b;r&#101;&#x74;a&#114;&#x69;&#x61;t&#64;&#x61;l&#98;&#x69;&#x73;&#98;&#114;&#x75;n&#110;&#x2e;&#x63;&#104;\">&#x73;&#x65;&#107;r&#x65;&#x74;&#97;&#114;i&#x61;&#x74;&#64;&#97;l&#x62;&#x69;&#115;br&#x75;&#x6e;&#110;&#46;&#x63;&#x68;<\/a><\/p>\n<p><strong>Adresse: <\/strong>Ebertswilerstrasse 33, 8915 Hausen am Albis<\/p>\n<p><strong>Zeiten:<\/strong> Montag &#8211; Freitag, 08.00 \u2013 12.00 und 13.30 \u2013 17.00 Uhr<\/p>\n<p>Unsere <a href=\"https:\/\/www.albisbrunn.ch\/wp\/wp-content\/downloads\/AGB_Betriebe_Albisbrunn.pdf\" target=\"_blank\" rel=\"noopener noreferrer\">AGB<\/a><\/p>\n<p>[\/et_pb_text][\/et_pb_column][\/et_pb_row][\/et_pb_section]<\/p>\n<span class=\"et_bloom_bottom_trigger\"><\/span>","protected":false},"excerpt":{"rendered":"<p>Unser Sekretariat ist das Herzst\u00fcck von Albisbrunn und am Telefon und Empfang die erste Anlaufstelle f\u00fcr Jugendliche, Mitarbeitende, Eltern, Beh\u00f6rden, Kunden, Lieferanten und Handwerker.\u00a0 Ob Anliegen von Jugendlichen, Anfragen von Eltern oder Projekte mit Handwerkern und Beh\u00f6rden \u2013 bei uns laufen die F\u00e4den zusammen. Mit Engagement, Organisationstalent und einem L\u00e4cheln sorgen wir daf\u00fcr, dass alles [&hellip;]<\/p>\n","protected":false},"author":1,"featured_media":0,"parent":0,"menu_order":0,"comment_status":"closed","ping_status":"closed","template":"","meta":{"_et_pb_use_builder":"on","_et_pb_old_content":"","_et_gb_content_width":"","footnotes":""},"class_list":["post-36249","page","type-page","status-publish","hentry"],"yoast_head":"<!-- This site is optimized with the Yoast SEO plugin v27.5 - https:\/\/yoast.com\/product\/yoast-seo-wordpress\/ -->\n<title>Sekretariat - Albisbrunn<\/title>\n<meta name=\"robots\" content=\"index, follow, max-snippet:-1, max-image-preview:large, max-video-preview:-1\" \/>\n<link rel=\"canonical\" href=\"https:\/\/www.albisbrunn.ch\/wp\/sekretariat\/\" \/>\n<meta property=\"og:locale\" content=\"de_DE\" \/>\n<meta property=\"og:type\" content=\"article\" \/>\n<meta property=\"og:title\" content=\"Sekretariat - Albisbrunn\" \/>\n<meta property=\"og:description\" content=\"Unser Sekretariat ist das Herzst\u00fcck von Albisbrunn und am Telefon und Empfang die erste Anlaufstelle f\u00fcr Jugendliche, Mitarbeitende, Eltern, Beh\u00f6rden, Kunden, Lieferanten und Handwerker.\u00a0 Ob Anliegen von Jugendlichen, Anfragen von Eltern oder Projekte mit Handwerkern und Beh\u00f6rden \u2013 bei uns laufen die F\u00e4den zusammen. Mit Engagement, Organisationstalent und einem L\u00e4cheln sorgen wir daf\u00fcr, dass alles [&hellip;]\" \/>\n<meta property=\"og:url\" content=\"https:\/\/www.albisbrunn.ch\/wp\/sekretariat\/\" \/>\n<meta property=\"og:site_name\" content=\"Albisbrunn\" \/>\n<meta property=\"article:modified_time\" content=\"2025-12-29T13:36:37+00:00\" \/>\n<meta property=\"og:image\" content=\"https:\/\/www.albisbrunn.ch\/wp\/wp-content\/uploads\/2014\/01\/Willkommen-Slide1.png\" \/>\n\t<meta property=\"og:image:width\" content=\"1020\" \/>\n\t<meta property=\"og:image:height\" content=\"1000\" \/>\n\t<meta property=\"og:image:type\" content=\"image\/png\" \/>\n<meta name=\"twitter:label1\" content=\"Gesch\u00e4tzte Lesezeit\" \/>\n\t<meta name=\"twitter:data1\" content=\"8\u00a0Minuten\" \/>\n<script type=\"application\/ld+json\" class=\"yoast-schema-graph\">{\"@context\":\"https:\\\/\\\/schema.org\",\"@graph\":[{\"@type\":\"WebPage\",\"@id\":\"https:\\\/\\\/www.albisbrunn.ch\\\/wp\\\/sekretariat\\\/\",\"url\":\"https:\\\/\\\/www.albisbrunn.ch\\\/wp\\\/sekretariat\\\/\",\"name\":\"Sekretariat - Albisbrunn\",\"isPartOf\":{\"@id\":\"https:\\\/\\\/www.albisbrunn.ch\\\/wp\\\/#website\"},\"datePublished\":\"2024-11-27T15:42:32+00:00\",\"dateModified\":\"2025-12-29T13:36:37+00:00\",\"breadcrumb\":{\"@id\":\"https:\\\/\\\/www.albisbrunn.ch\\\/wp\\\/sekretariat\\\/#breadcrumb\"},\"inLanguage\":\"de-CH\",\"potentialAction\":[{\"@type\":\"ReadAction\",\"target\":[\"https:\\\/\\\/www.albisbrunn.ch\\\/wp\\\/sekretariat\\\/\"]}]},{\"@type\":\"BreadcrumbList\",\"@id\":\"https:\\\/\\\/www.albisbrunn.ch\\\/wp\\\/sekretariat\\\/#breadcrumb\",\"itemListElement\":[{\"@type\":\"ListItem\",\"position\":1,\"name\":\"Startseite\",\"item\":\"https:\\\/\\\/www.albisbrunn.ch\\\/wp\\\/\"},{\"@type\":\"ListItem\",\"position\":2,\"name\":\"Sekretariat\"}]},{\"@type\":\"WebSite\",\"@id\":\"https:\\\/\\\/www.albisbrunn.ch\\\/wp\\\/#website\",\"url\":\"https:\\\/\\\/www.albisbrunn.ch\\\/wp\\\/\",\"name\":\"Albisbrunn\",\"description\":\"Pers\u00f6nlichkeitsbildung f\u00fcr Jugendliche in Entwicklungskrisen\",\"publisher\":{\"@id\":\"https:\\\/\\\/www.albisbrunn.ch\\\/wp\\\/#organization\"},\"potentialAction\":[{\"@type\":\"SearchAction\",\"target\":{\"@type\":\"EntryPoint\",\"urlTemplate\":\"https:\\\/\\\/www.albisbrunn.ch\\\/wp\\\/?s={search_term_string}\"},\"query-input\":{\"@type\":\"PropertyValueSpecification\",\"valueRequired\":true,\"valueName\":\"search_term_string\"}}],\"inLanguage\":\"de-CH\"},{\"@type\":\"Organization\",\"@id\":\"https:\\\/\\\/www.albisbrunn.ch\\\/wp\\\/#organization\",\"name\":\"Albisbrunn\",\"url\":\"https:\\\/\\\/www.albisbrunn.ch\\\/wp\\\/\",\"logo\":{\"@type\":\"ImageObject\",\"inLanguage\":\"de-CH\",\"@id\":\"https:\\\/\\\/www.albisbrunn.ch\\\/wp\\\/#\\\/schema\\\/logo\\\/image\\\/\",\"url\":\"https:\\\/\\\/www.albisbrunn.ch\\\/wp\\\/wp-content\\\/uploads\\\/2022\\\/01\\\/05_Logo_ALBISBRUNN_Logo_RGB.png\",\"contentUrl\":\"https:\\\/\\\/www.albisbrunn.ch\\\/wp\\\/wp-content\\\/uploads\\\/2022\\\/01\\\/05_Logo_ALBISBRUNN_Logo_RGB.png\",\"width\":2629,\"height\":344,\"caption\":\"Albisbrunn\"},\"image\":{\"@id\":\"https:\\\/\\\/www.albisbrunn.ch\\\/wp\\\/#\\\/schema\\\/logo\\\/image\\\/\"}}]}<\/script>\n<!-- \/ Yoast SEO plugin. -->","yoast_head_json":{"title":"Sekretariat - Albisbrunn","robots":{"index":"index","follow":"follow","max-snippet":"max-snippet:-1","max-image-preview":"max-image-preview:large","max-video-preview":"max-video-preview:-1"},"canonical":"https:\/\/www.albisbrunn.ch\/wp\/sekretariat\/","og_locale":"de_DE","og_type":"article","og_title":"Sekretariat - Albisbrunn","og_description":"Unser Sekretariat ist das Herzst\u00fcck von Albisbrunn und am Telefon und Empfang die erste Anlaufstelle f\u00fcr Jugendliche, Mitarbeitende, Eltern, Beh\u00f6rden, Kunden, Lieferanten und Handwerker.\u00a0 Ob Anliegen von Jugendlichen, Anfragen von Eltern oder Projekte mit Handwerkern und Beh\u00f6rden \u2013 bei uns laufen die F\u00e4den zusammen. Mit Engagement, Organisationstalent und einem L\u00e4cheln sorgen wir daf\u00fcr, dass alles [&hellip;]","og_url":"https:\/\/www.albisbrunn.ch\/wp\/sekretariat\/","og_site_name":"Albisbrunn","article_modified_time":"2025-12-29T13:36:37+00:00","og_image":[{"width":1020,"height":1000,"url":"https:\/\/www.albisbrunn.ch\/wp\/wp-content\/uploads\/2014\/01\/Willkommen-Slide1.png","type":"image\/png"}],"twitter_misc":{"Gesch\u00e4tzte Lesezeit":"8\u00a0Minuten"},"schema":{"@context":"https:\/\/schema.org","@graph":[{"@type":"WebPage","@id":"https:\/\/www.albisbrunn.ch\/wp\/sekretariat\/","url":"https:\/\/www.albisbrunn.ch\/wp\/sekretariat\/","name":"Sekretariat - Albisbrunn","isPartOf":{"@id":"https:\/\/www.albisbrunn.ch\/wp\/#website"},"datePublished":"2024-11-27T15:42:32+00:00","dateModified":"2025-12-29T13:36:37+00:00","breadcrumb":{"@id":"https:\/\/www.albisbrunn.ch\/wp\/sekretariat\/#breadcrumb"},"inLanguage":"de-CH","potentialAction":[{"@type":"ReadAction","target":["https:\/\/www.albisbrunn.ch\/wp\/sekretariat\/"]}]},{"@type":"BreadcrumbList","@id":"https:\/\/www.albisbrunn.ch\/wp\/sekretariat\/#breadcrumb","itemListElement":[{"@type":"ListItem","position":1,"name":"Startseite","item":"https:\/\/www.albisbrunn.ch\/wp\/"},{"@type":"ListItem","position":2,"name":"Sekretariat"}]},{"@type":"WebSite","@id":"https:\/\/www.albisbrunn.ch\/wp\/#website","url":"https:\/\/www.albisbrunn.ch\/wp\/","name":"Albisbrunn","description":"Pers\u00f6nlichkeitsbildung f\u00fcr Jugendliche in Entwicklungskrisen","publisher":{"@id":"https:\/\/www.albisbrunn.ch\/wp\/#organization"},"potentialAction":[{"@type":"SearchAction","target":{"@type":"EntryPoint","urlTemplate":"https:\/\/www.albisbrunn.ch\/wp\/?s={search_term_string}"},"query-input":{"@type":"PropertyValueSpecification","valueRequired":true,"valueName":"search_term_string"}}],"inLanguage":"de-CH"},{"@type":"Organization","@id":"https:\/\/www.albisbrunn.ch\/wp\/#organization","name":"Albisbrunn","url":"https:\/\/www.albisbrunn.ch\/wp\/","logo":{"@type":"ImageObject","inLanguage":"de-CH","@id":"https:\/\/www.albisbrunn.ch\/wp\/#\/schema\/logo\/image\/","url":"https:\/\/www.albisbrunn.ch\/wp\/wp-content\/uploads\/2022\/01\/05_Logo_ALBISBRUNN_Logo_RGB.png","contentUrl":"https:\/\/www.albisbrunn.ch\/wp\/wp-content\/uploads\/2022\/01\/05_Logo_ALBISBRUNN_Logo_RGB.png","width":2629,"height":344,"caption":"Albisbrunn"},"image":{"@id":"https:\/\/www.albisbrunn.ch\/wp\/#\/schema\/logo\/image\/"}}]}},"_links":{"self":[{"href":"https:\/\/www.albisbrunn.ch\/wp\/wp-json\/wp\/v2\/pages\/36249","targetHints":{"allow":["GET"]}}],"collection":[{"href":"https:\/\/www.albisbrunn.ch\/wp\/wp-json\/wp\/v2\/pages"}],"about":[{"href":"https:\/\/www.albisbrunn.ch\/wp\/wp-json\/wp\/v2\/types\/page"}],"author":[{"embeddable":true,"href":"https:\/\/www.albisbrunn.ch\/wp\/wp-json\/wp\/v2\/users\/1"}],"replies":[{"embeddable":true,"href":"https:\/\/www.albisbrunn.ch\/wp\/wp-json\/wp\/v2\/comments?post=36249"}],"version-history":[{"count":26,"href":"https:\/\/www.albisbrunn.ch\/wp\/wp-json\/wp\/v2\/pages\/36249\/revisions"}],"predecessor-version":[{"id":42988,"href":"https:\/\/www.albisbrunn.ch\/wp\/wp-json\/wp\/v2\/pages\/36249\/revisions\/42988"}],"wp:attachment":[{"href":"https:\/\/www.albisbrunn.ch\/wp\/wp-json\/wp\/v2\/media?parent=36249"}],"curies":[{"name":"wp","href":"https:\/\/api.w.org\/{rel}","templated":true}]}}