{"id":35167,"date":"2022-10-23T13:25:57","date_gmt":"2022-10-23T11:25:57","guid":{"rendered":"https:\/\/www.albisbrunn.ch\/wp\/?page_id=35167"},"modified":"2025-12-29T14:36:43","modified_gmt":"2025-12-29T13:36:43","slug":"albis-kinderkrippe-nano","status":"publish","type":"page","link":"https:\/\/www.albisbrunn.ch\/wp\/betriebe\/albis-kinderkrippe-nano\/","title":{"rendered":"Albis kinderkrippe nano"},"content":{"rendered":"<p>[et_pb_section fb_built=&#187;1&#8243; fullwidth=&#187;on&#187; custom_padding_last_edited=&#187;off|desktop&#187; admin_label=&#187;section&#187; _builder_version=&#187;4.18.0&#8243; background_color=&#187;#ffffff&#187; use_background_color_gradient=&#187;on&#187; background_enable_image=&#187;off&#187; custom_margin_tablet=&#187;|||&#187; custom_margin_last_edited=&#187;off|desktop&#187; custom_padding_tablet=&#187;|||&#187; transparent_background=&#187;off&#187; global_colors_info=&#187;{}&#187;][et_pb_fullwidth_slider admin_label=&#187;Fullwidth Slider&#187; _builder_version=&#187;4.27.5&#8243; background_enable_image=&#187;off&#187; parallax=&#187;on&#187; parallax_method=&#187;on&#187; custom_padding=&#187;|||&#187; custom_padding_tablet=&#187;|||&#187; custom_padding_phone=&#187;|||&#187; box_shadow_style=&#187;preset6&#8243; box_shadow_blur=&#187;10px&#187; box_shadow_color=&#187;rgba(0,0,0,0.1)&#187; remove_inner_shadow=&#187;off&#187; hide_content_on_mobile=&#187;off&#187; hide_cta_on_mobile=&#187;off&#187; global_colors_info=&#187;{}&#187; button_text_size__hover_enabled=&#187;off&#187; button_one_text_size__hover_enabled=&#187;off&#187; button_two_text_size__hover_enabled=&#187;off&#187; button_text_color__hover_enabled=&#187;off&#187; button_one_text_color__hover_enabled=&#187;off&#187; button_two_text_color__hover_enabled=&#187;off&#187; button_border_width__hover_enabled=&#187;off&#187; button_one_border_width__hover_enabled=&#187;off&#187; button_two_border_width__hover_enabled=&#187;off&#187; button_border_color__hover_enabled=&#187;off&#187; button_one_border_color__hover_enabled=&#187;off&#187; button_two_border_color__hover_enabled=&#187;off&#187; button_border_radius__hover_enabled=&#187;off&#187; button_one_border_radius__hover_enabled=&#187;off&#187; button_two_border_radius__hover_enabled=&#187;off&#187; button_letter_spacing__hover_enabled=&#187;off&#187; button_one_letter_spacing__hover_enabled=&#187;off&#187; button_two_letter_spacing__hover_enabled=&#187;off&#187; button_bg_color__hover_enabled=&#187;off&#187; button_one_bg_color__hover_enabled=&#187;off&#187; button_two_bg_color__hover_enabled=&#187;off&#187;][et_pb_slide heading=&#187;albis kinderkrippe nano&#187; use_bg_overlay=&#187;on&#187; _builder_version=&#187;4.27.5&#8243; background_color=&#187;#ffffff&#187; background_image=&#187;https:\/\/www.albisbrunn.ch\/wp\/wp-content\/uploads\/2019\/09\/Betriebe-\u2013-9.jpg&#187; background_enable_image=&#187;on&#187; global_colors_info=&#187;{}&#187; button_text_size__hover_enabled=&#187;off&#187; button_one_text_size__hover_enabled=&#187;off&#187; button_two_text_size__hover_enabled=&#187;off&#187; button_text_color__hover_enabled=&#187;off&#187; button_one_text_color__hover_enabled=&#187;off&#187; button_two_text_color__hover_enabled=&#187;off&#187; button_border_width__hover_enabled=&#187;off&#187; button_one_border_width__hover_enabled=&#187;off&#187; button_two_border_width__hover_enabled=&#187;off&#187; button_border_color__hover_enabled=&#187;off&#187; button_one_border_color__hover_enabled=&#187;off&#187; button_two_border_color__hover_enabled=&#187;off&#187; button_border_radius__hover_enabled=&#187;off&#187; button_one_border_radius__hover_enabled=&#187;off&#187; button_two_border_radius__hover_enabled=&#187;off&#187; button_letter_spacing__hover_enabled=&#187;off&#187; button_one_letter_spacing__hover_enabled=&#187;off&#187; button_two_letter_spacing__hover_enabled=&#187;off&#187; button_bg_color__hover_enabled=&#187;off&#187; button_one_bg_color__hover_enabled=&#187;off&#187; button_two_bg_color__hover_enabled=&#187;off&#187; sticky_transition=&#187;on&#187;]<\/p>\n<h3><\/h3>\n<p>[\/et_pb_slide][\/et_pb_fullwidth_slider][\/et_pb_section][et_pb_section fb_built=&#187;1&#8243; custom_padding_last_edited=&#187;on|desktop&#187; admin_label=&#187;section&#187; _builder_version=&#187;4.16&#8243; custom_padding_tablet=&#187;50px|0|50px|0&#8243; custom_padding_phone=&#187;&#187; transparent_background=&#187;off&#187; padding_mobile=&#187;off&#187; global_colors_info=&#187;{}&#187;][et_pb_row column_structure=&#187;2_3,1_3&#8243; padding_mobile=&#187;off&#187; column_padding_mobile=&#187;on&#187; admin_label=&#187;row&#187; _builder_version=&#187;4.16&#8243; background_size=&#187;initial&#187; background_position=&#187;top_left&#187; background_repeat=&#187;repeat&#187; min_height=&#187;520px&#187; global_colors_info=&#187;{}&#187;][et_pb_column type=&#187;2_3&#8243; _builder_version=&#187;4.16&#8243; custom_padding=&#187;|||&#187; global_colors_info=&#187;{}&#187; custom_padding__hover=&#187;|||&#187;][et_pb_text admin_label=&#187;Text&#187; _builder_version=&#187;4.18.0&#8243; background_size=&#187;initial&#187; background_position=&#187;top_left&#187; background_repeat=&#187;repeat&#187; width=&#187;100%&#187; use_border_color=&#187;off&#187; border_style=&#187;solid&#187; global_colors_info=&#187;{}&#187;]<\/p>\n<p>Die albis kinderkrippe nano versteht sich als familienerg\u00e4nzende Einrichtung, die Kinder ab 3 Monaten bis zum Schuleintritt fachlich und qualifiziert betreut und erg\u00e4nzend zur Familie Erziehungsaufgaben \u00fcbernimmt. Die albis kinderkrippe nano verf\u00fcgt \u00fcber 2 Standorte in Hausen am Albis und bietet insgesamt 46 Betreuungspl\u00e4tze f\u00fcr S\u00e4uglinge, Kleinkinder und Kinder an. Die Kinderkrippe soll die Eltern in ihrer T\u00e4tigkeit als Lebensbegleiter ihres Kindes entlasten und ihnen die M\u00f6glichkeit geben, Familie und Beruf zu vereinbaren.<\/p>\n<p>Das Kind soll sich bei uns wohl f\u00fchlen und lernen, sich in einer altersgemischten Gruppe zu integrieren. Im t\u00e4glichen Miteinander vermitteln wir den Kindern Selbstvertrauen durch Best\u00e4rkung der eigenen Person und ihren F\u00e4higkeiten.<\/p>\n<p>Wir bieten den Kindern ein Umfeld in welchem es Zeit und Raum hat seinen Bed\u00fcrfnissen nach zu gehen. Wir gestalten den Alltag in einem ausgeglichenen Mass zwischen gef\u00fchrten Aktivit\u00e4ten, Projekten und freiem Spiel. Die Kinderkrippe bietet Innen- und Aussenr\u00e4ume in denen die Kinder ihre Phantasie und Kreativit\u00e4t ausleben k\u00f6nnen.<\/p>\n<p>[\/et_pb_text][\/et_pb_column][et_pb_column type=&#187;1_3&#8243; _builder_version=&#187;4.16&#8243; custom_padding=&#187;|||&#187; global_colors_info=&#187;{}&#187; custom_padding__hover=&#187;|||&#187;][et_pb_image src=&#187;https:\/\/www.albisbrunn.ch\/wp\/wp-content\/uploads\/2022\/11\/albis_kinderkrippe_nano_1.jpg&#187; title_text=&#187;albis_kinderkrippe_nano_1&#8243; align_tablet=&#187;&#187; align_phone=&#187;&#187; align_last_edited=&#187;on|desktop&#187; _builder_version=&#187;4.18.1&#8243; _module_preset=&#187;default&#187; animation_style=&#187;slide&#187; animation_direction=&#187;left&#187; animation_duration=&#187;500ms&#187; animation_intensity_slide=&#187;10%&#187; global_colors_info=&#187;{}&#187;][\/et_pb_image][\/et_pb_column][\/et_pb_row][\/et_pb_section][et_pb_section fb_built=&#187;1&#8243; custom_padding_last_edited=&#187;on|desktop&#187; admin_label=&#187;section&#187; _builder_version=&#187;4.16&#8243; background_color=&#187;#2e2e2e&#187; custom_padding_tablet=&#187;50px|0|50px|0&#8243; custom_padding_phone=&#187;&#187; transparent_background=&#187;off&#187; padding_mobile=&#187;off&#187; global_colors_info=&#187;{}&#187;][et_pb_row column_structure=&#187;1_2,1_2&#8243; _builder_version=&#187;4.19.0&#8243; _module_preset=&#187;default&#187; global_colors_info=&#187;{}&#187;][et_pb_column type=&#187;1_2&#8243; _builder_version=&#187;4.19.0&#8243; _module_preset=&#187;default&#187; global_colors_info=&#187;{}&#187;][et_pb_contact_form email=&#187;&#107;&#x69;&#110;&#x64;&#101;&#x72;&#107;&#x72;i&#x70;p&#x65;&#46;&#x6e;a&#110;&#x6f;&#64;&#x62;&#108;&#x75;&#101;&#x77;&#105;&#x6e;&#46;&#x63;h&#187; custom_message=&#187;%%Name%%||et_pb_line_break_holder||%%E-Mail%%||et_pb_line_break_holder||%%Nachricht%%&#187; _builder_version=&#187;4.18.1&#8243; _module_preset=&#187;default&#187; _unique_id=&#187;c40dbe2e-fc07-4177-9aae-2615ab9bf7c0&#8243; custom_padding=&#187;|||0px||&#187; global_colors_info=&#187;{}&#187;][et_pb_contact_field field_id=&#187;Name&#187; field_title=&#187;Name&#187; _builder_version=&#187;4.18.1&#8243; global_colors_info=&#187;{}&#187; button_text_size__hover_enabled=&#187;off&#187; button_one_text_size__hover_enabled=&#187;off&#187; button_two_text_size__hover_enabled=&#187;off&#187; button_text_color__hover_enabled=&#187;off&#187; button_one_text_color__hover_enabled=&#187;off&#187; button_two_text_color__hover_enabled=&#187;off&#187; button_border_width__hover_enabled=&#187;off&#187; button_one_border_width__hover_enabled=&#187;off&#187; button_two_border_width__hover_enabled=&#187;off&#187; button_border_color__hover_enabled=&#187;off&#187; button_one_border_color__hover_enabled=&#187;off&#187; button_two_border_color__hover_enabled=&#187;off&#187; button_border_radius__hover_enabled=&#187;off&#187; button_one_border_radius__hover_enabled=&#187;off&#187; button_two_border_radius__hover_enabled=&#187;off&#187; button_letter_spacing__hover_enabled=&#187;off&#187; button_one_letter_spacing__hover_enabled=&#187;off&#187; button_two_letter_spacing__hover_enabled=&#187;off&#187; button_bg_color__hover_enabled=&#187;off&#187; button_one_bg_color__hover_enabled=&#187;off&#187; button_two_bg_color__hover_enabled=&#187;off&#187;][\/et_pb_contact_field][et_pb_contact_field field_id=&#187;E-Mail&#187; field_title=&#187;E-Mail-Adresse&#187; field_type=&#187;email&#187; _builder_version=&#187;4.18.1&#8243; global_colors_info=&#187;{}&#187; button_text_size__hover_enabled=&#187;off&#187; button_one_text_size__hover_enabled=&#187;off&#187; button_two_text_size__hover_enabled=&#187;off&#187; button_text_color__hover_enabled=&#187;off&#187; button_one_text_color__hover_enabled=&#187;off&#187; button_two_text_color__hover_enabled=&#187;off&#187; button_border_width__hover_enabled=&#187;off&#187; button_one_border_width__hover_enabled=&#187;off&#187; button_two_border_width__hover_enabled=&#187;off&#187; button_border_color__hover_enabled=&#187;off&#187; button_one_border_color__hover_enabled=&#187;off&#187; button_two_border_color__hover_enabled=&#187;off&#187; button_border_radius__hover_enabled=&#187;off&#187; button_one_border_radius__hover_enabled=&#187;off&#187; button_two_border_radius__hover_enabled=&#187;off&#187; button_letter_spacing__hover_enabled=&#187;off&#187; button_one_letter_spacing__hover_enabled=&#187;off&#187; button_two_letter_spacing__hover_enabled=&#187;off&#187; button_bg_color__hover_enabled=&#187;off&#187; button_one_bg_color__hover_enabled=&#187;off&#187; button_two_bg_color__hover_enabled=&#187;off&#187;][\/et_pb_contact_field][et_pb_contact_field field_id=&#187;Nachricht&#187; field_title=&#187;Nachricht&#187; field_type=&#187;text&#187; fullwidth_field=&#187;on&#187; _builder_version=&#187;4.18.1&#8243; global_colors_info=&#187;{}&#187; button_text_size__hover_enabled=&#187;off&#187; button_one_text_size__hover_enabled=&#187;off&#187; button_two_text_size__hover_enabled=&#187;off&#187; button_text_color__hover_enabled=&#187;off&#187; button_one_text_color__hover_enabled=&#187;off&#187; button_two_text_color__hover_enabled=&#187;off&#187; button_border_width__hover_enabled=&#187;off&#187; button_one_border_width__hover_enabled=&#187;off&#187; button_two_border_width__hover_enabled=&#187;off&#187; button_border_color__hover_enabled=&#187;off&#187; button_one_border_color__hover_enabled=&#187;off&#187; button_two_border_color__hover_enabled=&#187;off&#187; button_border_radius__hover_enabled=&#187;off&#187; button_one_border_radius__hover_enabled=&#187;off&#187; button_two_border_radius__hover_enabled=&#187;off&#187; button_letter_spacing__hover_enabled=&#187;off&#187; button_one_letter_spacing__hover_enabled=&#187;off&#187; button_two_letter_spacing__hover_enabled=&#187;off&#187; button_bg_color__hover_enabled=&#187;off&#187; button_one_bg_color__hover_enabled=&#187;off&#187; button_two_bg_color__hover_enabled=&#187;off&#187;][\/et_pb_contact_field][\/et_pb_contact_form][\/et_pb_column][et_pb_column type=&#187;1_2&#8243; _builder_version=&#187;4.19.0&#8243; _module_preset=&#187;default&#187; global_colors_info=&#187;{}&#187;][et_pb_text _builder_version=&#187;4.18.1&#8243; _module_preset=&#187;default&#187; background_layout=&#187;dark&#187; custom_margin=&#187;||-29px|||&#187; custom_padding=&#187;0px|224px|0px|||&#187; global_colors_info=&#187;{}&#187;]<\/p>\n<h3><strong>Kontaktdaten<\/strong><\/h3>\n<p><strong><\/strong><\/p>\n<p><strong>Telefon: <\/strong>+41 43 466 56 42<\/p>\n<p><strong>E-Mail: <a href=\"ma&#105;&#108;&#116;&#x6f;&#x3a;&#x6b;&#x69;&#x6e;de&#114;&#107;&#114;&#x69;&#x70;&#x70;&#x65;&#x2e;na&#110;&#111;&#64;&#x62;&#x6c;&#x75;&#x65;&#x77;in&#46;&#99;&#104;\">&#x6b;&#105;&#x6e;&#x64;e&#x72;&#107;r&#x69;&#112;p&#x65;&#46;&#x6e;&#x61;n&#x6f;&#64;b&#x6c;&#117;e&#x77;&#105;&#x6e;&#x2e;&#99;&#x68;<\/a><\/strong><\/p>\n<p><strong><\/strong><\/p>\n<p><strong>Adresse: <\/strong>Ebertswilerstrasse 37,<\/p>\n<p>8915 Hausen am Albis<strong><\/strong><\/p>\n<p><strong>\u00d6ffnungszeiten: <\/strong>Mo.-Fr., 07:00 &#8211; 18:00 Uhr<\/p>\n<p><strong><\/strong><\/p>\n<p>[\/et_pb_text][\/et_pb_column][\/et_pb_row][\/et_pb_section]<\/p>\n<span class=\"et_bloom_bottom_trigger\"><\/span>","protected":false},"excerpt":{"rendered":"<p>Die albis kinderkrippe nano versteht sich als familienerg\u00e4nzende Einrichtung, die Kinder ab 3 Monaten bis zum Schuleintritt fachlich und qualifiziert betreut und erg\u00e4nzend zur Familie Erziehungsaufgaben \u00fcbernimmt. Die albis kinderkrippe nano verf\u00fcgt \u00fcber 2 Standorte in Hausen am Albis und bietet insgesamt 46 Betreuungspl\u00e4tze f\u00fcr S\u00e4uglinge, Kleinkinder und Kinder an. Die Kinderkrippe soll die Eltern [&hellip;]<\/p>\n","protected":false},"author":1,"featured_media":0,"parent":378,"menu_order":0,"comment_status":"closed","ping_status":"closed","template":"","meta":{"_et_pb_use_builder":"on","_et_pb_old_content":"","_et_gb_content_width":"","footnotes":""},"class_list":["post-35167","page","type-page","status-publish","hentry"],"yoast_head":"<!-- This site is optimized with the Yoast SEO plugin v27.5 - https:\/\/yoast.com\/product\/yoast-seo-wordpress\/ -->\n<title>Albis kinderkrippe nano - Albisbrunn<\/title>\n<meta name=\"robots\" content=\"index, follow, max-snippet:-1, max-image-preview:large, max-video-preview:-1\" \/>\n<link rel=\"canonical\" href=\"https:\/\/www.albisbrunn.ch\/wp\/betriebe\/albis-kinderkrippe-nano\/\" \/>\n<meta property=\"og:locale\" content=\"de_DE\" \/>\n<meta property=\"og:type\" content=\"article\" \/>\n<meta property=\"og:title\" content=\"Albis kinderkrippe nano - Albisbrunn\" \/>\n<meta property=\"og:description\" content=\"Die albis kinderkrippe nano versteht sich als familienerg\u00e4nzende Einrichtung, die Kinder ab 3 Monaten bis zum Schuleintritt fachlich und qualifiziert betreut und erg\u00e4nzend zur Familie Erziehungsaufgaben \u00fcbernimmt. Die albis kinderkrippe nano verf\u00fcgt \u00fcber 2 Standorte in Hausen am Albis und bietet insgesamt 46 Betreuungspl\u00e4tze f\u00fcr S\u00e4uglinge, Kleinkinder und Kinder an. Die Kinderkrippe soll die Eltern [&hellip;]\" \/>\n<meta property=\"og:url\" content=\"https:\/\/www.albisbrunn.ch\/wp\/betriebe\/albis-kinderkrippe-nano\/\" \/>\n<meta property=\"og:site_name\" content=\"Albisbrunn\" \/>\n<meta property=\"article:modified_time\" content=\"2025-12-29T13:36:43+00:00\" \/>\n<meta property=\"og:image\" content=\"https:\/\/www.albisbrunn.ch\/wp\/wp-content\/uploads\/2014\/01\/Willkommen-Slide1.png\" \/>\n\t<meta property=\"og:image:width\" content=\"1020\" \/>\n\t<meta property=\"og:image:height\" content=\"1000\" \/>\n\t<meta property=\"og:image:type\" content=\"image\/png\" \/>\n<script type=\"application\/ld+json\" class=\"yoast-schema-graph\">{\"@context\":\"https:\\\/\\\/schema.org\",\"@graph\":[{\"@type\":\"WebPage\",\"@id\":\"https:\\\/\\\/www.albisbrunn.ch\\\/wp\\\/betriebe\\\/albis-kinderkrippe-nano\\\/\",\"url\":\"https:\\\/\\\/www.albisbrunn.ch\\\/wp\\\/betriebe\\\/albis-kinderkrippe-nano\\\/\",\"name\":\"Albis kinderkrippe nano - Albisbrunn\",\"isPartOf\":{\"@id\":\"https:\\\/\\\/www.albisbrunn.ch\\\/wp\\\/#website\"},\"datePublished\":\"2022-10-23T11:25:57+00:00\",\"dateModified\":\"2025-12-29T13:36:43+00:00\",\"breadcrumb\":{\"@id\":\"https:\\\/\\\/www.albisbrunn.ch\\\/wp\\\/betriebe\\\/albis-kinderkrippe-nano\\\/#breadcrumb\"},\"inLanguage\":\"de-CH\",\"potentialAction\":[{\"@type\":\"ReadAction\",\"target\":[\"https:\\\/\\\/www.albisbrunn.ch\\\/wp\\\/betriebe\\\/albis-kinderkrippe-nano\\\/\"]}]},{\"@type\":\"BreadcrumbList\",\"@id\":\"https:\\\/\\\/www.albisbrunn.ch\\\/wp\\\/betriebe\\\/albis-kinderkrippe-nano\\\/#breadcrumb\",\"itemListElement\":[{\"@type\":\"ListItem\",\"position\":1,\"name\":\"Startseite\",\"item\":\"https:\\\/\\\/www.albisbrunn.ch\\\/wp\\\/\"},{\"@type\":\"ListItem\",\"position\":2,\"name\":\"Betriebe\",\"item\":\"https:\\\/\\\/www.albisbrunn.ch\\\/wp\\\/betriebe\\\/\"},{\"@type\":\"ListItem\",\"position\":3,\"name\":\"Albis kinderkrippe nano\"}]},{\"@type\":\"WebSite\",\"@id\":\"https:\\\/\\\/www.albisbrunn.ch\\\/wp\\\/#website\",\"url\":\"https:\\\/\\\/www.albisbrunn.ch\\\/wp\\\/\",\"name\":\"Albisbrunn\",\"description\":\"Pers\u00f6nlichkeitsbildung f\u00fcr Jugendliche in Entwicklungskrisen\",\"publisher\":{\"@id\":\"https:\\\/\\\/www.albisbrunn.ch\\\/wp\\\/#organization\"},\"potentialAction\":[{\"@type\":\"SearchAction\",\"target\":{\"@type\":\"EntryPoint\",\"urlTemplate\":\"https:\\\/\\\/www.albisbrunn.ch\\\/wp\\\/?s={search_term_string}\"},\"query-input\":{\"@type\":\"PropertyValueSpecification\",\"valueRequired\":true,\"valueName\":\"search_term_string\"}}],\"inLanguage\":\"de-CH\"},{\"@type\":\"Organization\",\"@id\":\"https:\\\/\\\/www.albisbrunn.ch\\\/wp\\\/#organization\",\"name\":\"Albisbrunn\",\"url\":\"https:\\\/\\\/www.albisbrunn.ch\\\/wp\\\/\",\"logo\":{\"@type\":\"ImageObject\",\"inLanguage\":\"de-CH\",\"@id\":\"https:\\\/\\\/www.albisbrunn.ch\\\/wp\\\/#\\\/schema\\\/logo\\\/image\\\/\",\"url\":\"https:\\\/\\\/www.albisbrunn.ch\\\/wp\\\/wp-content\\\/uploads\\\/2022\\\/01\\\/05_Logo_ALBISBRUNN_Logo_RGB.png\",\"contentUrl\":\"https:\\\/\\\/www.albisbrunn.ch\\\/wp\\\/wp-content\\\/uploads\\\/2022\\\/01\\\/05_Logo_ALBISBRUNN_Logo_RGB.png\",\"width\":2629,\"height\":344,\"caption\":\"Albisbrunn\"},\"image\":{\"@id\":\"https:\\\/\\\/www.albisbrunn.ch\\\/wp\\\/#\\\/schema\\\/logo\\\/image\\\/\"}}]}<\/script>\n<!-- \/ Yoast SEO plugin. -->","yoast_head_json":{"title":"Albis kinderkrippe nano - Albisbrunn","robots":{"index":"index","follow":"follow","max-snippet":"max-snippet:-1","max-image-preview":"max-image-preview:large","max-video-preview":"max-video-preview:-1"},"canonical":"https:\/\/www.albisbrunn.ch\/wp\/betriebe\/albis-kinderkrippe-nano\/","og_locale":"de_DE","og_type":"article","og_title":"Albis kinderkrippe nano - Albisbrunn","og_description":"Die albis kinderkrippe nano versteht sich als familienerg\u00e4nzende Einrichtung, die Kinder ab 3 Monaten bis zum Schuleintritt fachlich und qualifiziert betreut und erg\u00e4nzend zur Familie Erziehungsaufgaben \u00fcbernimmt. Die albis kinderkrippe nano verf\u00fcgt \u00fcber 2 Standorte in Hausen am Albis und bietet insgesamt 46 Betreuungspl\u00e4tze f\u00fcr S\u00e4uglinge, Kleinkinder und Kinder an. Die Kinderkrippe soll die Eltern [&hellip;]","og_url":"https:\/\/www.albisbrunn.ch\/wp\/betriebe\/albis-kinderkrippe-nano\/","og_site_name":"Albisbrunn","article_modified_time":"2025-12-29T13:36:43+00:00","og_image":[{"width":1020,"height":1000,"url":"https:\/\/www.albisbrunn.ch\/wp\/wp-content\/uploads\/2014\/01\/Willkommen-Slide1.png","type":"image\/png"}],"schema":{"@context":"https:\/\/schema.org","@graph":[{"@type":"WebPage","@id":"https:\/\/www.albisbrunn.ch\/wp\/betriebe\/albis-kinderkrippe-nano\/","url":"https:\/\/www.albisbrunn.ch\/wp\/betriebe\/albis-kinderkrippe-nano\/","name":"Albis kinderkrippe nano - Albisbrunn","isPartOf":{"@id":"https:\/\/www.albisbrunn.ch\/wp\/#website"},"datePublished":"2022-10-23T11:25:57+00:00","dateModified":"2025-12-29T13:36:43+00:00","breadcrumb":{"@id":"https:\/\/www.albisbrunn.ch\/wp\/betriebe\/albis-kinderkrippe-nano\/#breadcrumb"},"inLanguage":"de-CH","potentialAction":[{"@type":"ReadAction","target":["https:\/\/www.albisbrunn.ch\/wp\/betriebe\/albis-kinderkrippe-nano\/"]}]},{"@type":"BreadcrumbList","@id":"https:\/\/www.albisbrunn.ch\/wp\/betriebe\/albis-kinderkrippe-nano\/#breadcrumb","itemListElement":[{"@type":"ListItem","position":1,"name":"Startseite","item":"https:\/\/www.albisbrunn.ch\/wp\/"},{"@type":"ListItem","position":2,"name":"Betriebe","item":"https:\/\/www.albisbrunn.ch\/wp\/betriebe\/"},{"@type":"ListItem","position":3,"name":"Albis kinderkrippe nano"}]},{"@type":"WebSite","@id":"https:\/\/www.albisbrunn.ch\/wp\/#website","url":"https:\/\/www.albisbrunn.ch\/wp\/","name":"Albisbrunn","description":"Pers\u00f6nlichkeitsbildung f\u00fcr Jugendliche in Entwicklungskrisen","publisher":{"@id":"https:\/\/www.albisbrunn.ch\/wp\/#organization"},"potentialAction":[{"@type":"SearchAction","target":{"@type":"EntryPoint","urlTemplate":"https:\/\/www.albisbrunn.ch\/wp\/?s={search_term_string}"},"query-input":{"@type":"PropertyValueSpecification","valueRequired":true,"valueName":"search_term_string"}}],"inLanguage":"de-CH"},{"@type":"Organization","@id":"https:\/\/www.albisbrunn.ch\/wp\/#organization","name":"Albisbrunn","url":"https:\/\/www.albisbrunn.ch\/wp\/","logo":{"@type":"ImageObject","inLanguage":"de-CH","@id":"https:\/\/www.albisbrunn.ch\/wp\/#\/schema\/logo\/image\/","url":"https:\/\/www.albisbrunn.ch\/wp\/wp-content\/uploads\/2022\/01\/05_Logo_ALBISBRUNN_Logo_RGB.png","contentUrl":"https:\/\/www.albisbrunn.ch\/wp\/wp-content\/uploads\/2022\/01\/05_Logo_ALBISBRUNN_Logo_RGB.png","width":2629,"height":344,"caption":"Albisbrunn"},"image":{"@id":"https:\/\/www.albisbrunn.ch\/wp\/#\/schema\/logo\/image\/"}}]}},"_links":{"self":[{"href":"https:\/\/www.albisbrunn.ch\/wp\/wp-json\/wp\/v2\/pages\/35167","targetHints":{"allow":["GET"]}}],"collection":[{"href":"https:\/\/www.albisbrunn.ch\/wp\/wp-json\/wp\/v2\/pages"}],"about":[{"href":"https:\/\/www.albisbrunn.ch\/wp\/wp-json\/wp\/v2\/types\/page"}],"author":[{"embeddable":true,"href":"https:\/\/www.albisbrunn.ch\/wp\/wp-json\/wp\/v2\/users\/1"}],"replies":[{"embeddable":true,"href":"https:\/\/www.albisbrunn.ch\/wp\/wp-json\/wp\/v2\/comments?post=35167"}],"version-history":[{"count":7,"href":"https:\/\/www.albisbrunn.ch\/wp\/wp-json\/wp\/v2\/pages\/35167\/revisions"}],"predecessor-version":[{"id":42989,"href":"https:\/\/www.albisbrunn.ch\/wp\/wp-json\/wp\/v2\/pages\/35167\/revisions\/42989"}],"up":[{"embeddable":true,"href":"https:\/\/www.albisbrunn.ch\/wp\/wp-json\/wp\/v2\/pages\/378"}],"wp:attachment":[{"href":"https:\/\/www.albisbrunn.ch\/wp\/wp-json\/wp\/v2\/media?parent=35167"}],"curies":[{"name":"wp","href":"https:\/\/api.w.org\/{rel}","templated":true}]}}