{"id":1967,"date":"2014-03-20T12:52:09","date_gmt":"2014-03-20T11:52:09","guid":{"rendered":"http:\/\/www.albisbrunn.ch\/wp\/?page_id=1967"},"modified":"2025-08-13T17:21:02","modified_gmt":"2025-08-13T15:21:02","slug":"stiftung","status":"publish","type":"page","link":"https:\/\/www.albisbrunn.ch\/wp\/stiftung\/","title":{"rendered":"Stiftung"},"content":{"rendered":"<p>[et_pb_section fb_built=&#187;1&#8243; fullwidth=&#187;on&#187; admin_label=&#187;section&#187; _builder_version=&#187;4.16&#8243; global_colors_info=&#187;{}&#187;][et_pb_fullwidth_slider show_content_on_mobile=&#187;off&#187; _builder_version=&#187;4.16&#8243; parallax=&#187;on&#187; parallax_method=&#187;on&#187; custom_padding=&#187;|||&#187; custom_padding_tablet=&#187;|||&#187; custom_padding_phone=&#187;|||&#187; box_shadow_style=&#187;preset6&#8243; box_shadow_blur=&#187;10px&#187; box_shadow_color=&#187;rgba(0,0,0,0.1)&#187; remove_inner_shadow=&#187;off&#187; hide_content_on_mobile=&#187;on&#187; hide_cta_on_mobile=&#187;off&#187; show_inner_shadow=&#187;on&#187; global_colors_info=&#187;{}&#187; button_text_size__hover_enabled=&#187;off&#187; button_one_text_size__hover_enabled=&#187;off&#187; button_two_text_size__hover_enabled=&#187;off&#187; button_text_color__hover_enabled=&#187;off&#187; button_one_text_color__hover_enabled=&#187;off&#187; button_two_text_color__hover_enabled=&#187;off&#187; button_border_width__hover_enabled=&#187;off&#187; button_one_border_width__hover_enabled=&#187;off&#187; button_two_border_width__hover_enabled=&#187;off&#187; button_border_color__hover_enabled=&#187;off&#187; button_one_border_color__hover_enabled=&#187;off&#187; button_two_border_color__hover_enabled=&#187;off&#187; button_border_radius__hover_enabled=&#187;off&#187; button_one_border_radius__hover_enabled=&#187;off&#187; button_two_border_radius__hover_enabled=&#187;off&#187; button_letter_spacing__hover_enabled=&#187;off&#187; button_one_letter_spacing__hover_enabled=&#187;off&#187; button_two_letter_spacing__hover_enabled=&#187;off&#187; button_bg_color__hover_enabled=&#187;off&#187; button_one_bg_color__hover_enabled=&#187;off&#187; button_two_bg_color__hover_enabled=&#187;off&#187;][et_pb_slide heading=&#187;Die Stiftung Albisbrunn&#187; _builder_version=&#187;4.16&#8243; background_color=&#187;#ffffff&#187; background_image=&#187;https:\/\/www.albisbrunn.ch\/wp\/wp-content\/uploads\/2014\/03\/Titel-Stiftung1.jpg&#187; global_colors_info=&#187;{}&#187; button_text_size__hover_enabled=&#187;off&#187; button_one_text_size__hover_enabled=&#187;off&#187; button_two_text_size__hover_enabled=&#187;off&#187; button_text_color__hover_enabled=&#187;off&#187; button_one_text_color__hover_enabled=&#187;off&#187; button_two_text_color__hover_enabled=&#187;off&#187; button_border_width__hover_enabled=&#187;off&#187; button_one_border_width__hover_enabled=&#187;off&#187; button_two_border_width__hover_enabled=&#187;off&#187; button_border_color__hover_enabled=&#187;off&#187; button_one_border_color__hover_enabled=&#187;off&#187; button_two_border_color__hover_enabled=&#187;off&#187; button_border_radius__hover_enabled=&#187;off&#187; button_one_border_radius__hover_enabled=&#187;off&#187; button_two_border_radius__hover_enabled=&#187;off&#187; button_letter_spacing__hover_enabled=&#187;off&#187; button_one_letter_spacing__hover_enabled=&#187;off&#187; button_two_letter_spacing__hover_enabled=&#187;off&#187; button_bg_color__hover_enabled=&#187;off&#187; button_one_bg_color__hover_enabled=&#187;off&#187; button_two_bg_color__hover_enabled=&#187;off&#187; sticky_transition=&#187;on&#187;]Die uns anvertrauten Jugendlichen sollen eine Chance erhalten ihr Leben mitzugestalten. Wir unterst\u00fctzen sie, damit sie die F\u00e4higkeiten erlangen, die Anforderungen des Lebens selbst\u00e4ndig zu bew\u00e4ltigen.[\/et_pb_slide][\/et_pb_fullwidth_slider][\/et_pb_section][et_pb_section fb_built=&#187;1&#8243; admin_label=&#187;section&#187; _builder_version=&#187;4.16&#8243; background_color=&#187;#ff8d00&#8243; global_colors_info=&#187;{}&#187;][et_pb_row column_structure=&#187;1_3,2_3&#8243; admin_label=&#187;row&#187; _builder_version=&#187;4.16&#8243; background_size=&#187;initial&#187; background_position=&#187;top_left&#187; background_repeat=&#187;repeat&#187; global_colors_info=&#187;{}&#187;][et_pb_column type=&#187;1_3&#8243; _builder_version=&#187;4.16&#8243; custom_padding=&#187;|||&#187; global_colors_info=&#187;{}&#187; custom_padding__hover=&#187;|||&#187;][et_pb_text _builder_version=&#187;4.16&#8243; background_size=&#187;initial&#187; background_position=&#187;top_left&#187; background_repeat=&#187;repeat&#187; background_layout=&#187;dark&#187; module_alignment=&#187;left&#187; global_colors_info=&#187;{}&#187;]<\/p>\n<h1>Die Stiftung als Garant<\/h1>\n<h1><\/h1>\n<p>[\/et_pb_text][\/et_pb_column][et_pb_column type=&#187;2_3&#8243; _builder_version=&#187;4.16&#8243; custom_padding=&#187;|||&#187; global_colors_info=&#187;{}&#187; custom_padding__hover=&#187;|||&#187;][et_pb_text _builder_version=&#187;4.16&#8243; background_size=&#187;initial&#187; background_position=&#187;top_left&#187; background_repeat=&#187;repeat&#187; background_layout=&#187;dark&#187; module_alignment=&#187;left&#187; global_colors_info=&#187;{}&#187;] Rechtlicher Tr\u00e4ger des Schul- und Berufsbildungsheims Albisbrunn ist die Stiftung Albisbrunn, die im Handelsregister des Kantons Z\u00fcrich eingetragen ist. Die Stiftung finanziert sich aus den Taggeldern der einweisenden Stellen, durch Subventionen von Bund und Kanton, durch die IV, aus den Erl\u00f6sen der Produktions- und Ausbildungsbetriebe, sowie aus Spenden. Die Stiftung Albisbrunn unterliegt der Aufsicht durch die kantonale Bildungsdirektion, das Bundesamt f\u00fcr Justiz sowie durch interne Gremien. [\/et_pb_text][\/et_pb_column][\/et_pb_row][\/et_pb_section][et_pb_section fb_built=&#187;1&#8243; admin_label=&#187;section&#187; _builder_version=&#187;4.16&#8243; global_colors_info=&#187;{}&#187;][et_pb_row column_structure=&#187;1_3,2_3&#8243; admin_label=&#187;row&#187; _builder_version=&#187;4.16&#8243; background_size=&#187;initial&#187; background_position=&#187;top_left&#187; background_repeat=&#187;repeat&#187; global_colors_info=&#187;{}&#187;][et_pb_column type=&#187;1_3&#8243; _builder_version=&#187;4.16&#8243; custom_padding=&#187;|||&#187; global_colors_info=&#187;{}&#187; custom_padding__hover=&#187;|||&#187;][et_pb_image src=&#187;https:\/\/www.albisbrunn.ch\/wp\/wp-content\/uploads\/2014\/03\/Stiftung_1.jpg&#187; alt=&#187;Stiftung Foto&#187; align_tablet=&#187;center&#187; align_phone=&#187;center&#187; align_last_edited=&#187;on|desktop&#187; _builder_version=&#187;4.16&#8243; animation_style=&#187;slide&#187; animation_direction=&#187;left&#187; animation_duration=&#187;500ms&#187; animation_intensity_slide=&#187;10%&#187; animation=&#187;left&#187; sticky=&#187;off&#187; global_colors_info=&#187;{}&#187;][\/et_pb_image][\/et_pb_column][et_pb_column type=&#187;2_3&#8243; _builder_version=&#187;4.16&#8243; custom_padding=&#187;|||&#187; global_colors_info=&#187;{}&#187; custom_padding__hover=&#187;|||&#187;][et_pb_text _builder_version=&#187;4.16&#8243; background_size=&#187;initial&#187; background_position=&#187;top_left&#187; background_repeat=&#187;repeat&#187; module_alignment=&#187;left&#187; global_colors_info=&#187;{}&#187;]<\/p>\n<h1>Historisches<\/h1>\n<p>Die Stiftung Albisbrunn wurde im Jahre 1924 gegr\u00fcndet um junge Menschen, die in ihrer Entwicklung gef\u00e4hrdet sind, zu f\u00f6rdern.<\/p>\n<p>Die Stiftungsurkunde vom 24. September 1924 formuliert den Erziehungszweck der Stiftung Albisbrunn mit folgenden Worten: \u00abSie soll \u2026 Kindern, Jugendlichen und j\u00fcngeren Erwachsenen \u2026, deren seelische Entwicklung und Erziehung durch individuelle und soziale Faktoren erschwert ist, die nach dem jeweiligen Stande der Wissenschaft und p\u00e4dagogischen Praxis m\u00f6gliche Hilfe angedeihen lassen.\u00bb<\/p>\n<p>Zur Verwirklichung des Gr\u00fcndungszwecks wurde 1924 von der Familie Alfred Reinhart ein ehemaliges Kurhaus mit Parkanlage in Hausen am Albis (Kanton Z\u00fcrich) gestiftet. Das Kurhaus, urspr\u00fcnglich eine Kaltwasseranstalt, wurde saniert und umgebaut. Weitere konzeptionelle und bauliche Anpassungen f\u00fchrten im Lauf der Zeit zur bestehenden vielf\u00e4ltigen Infrastruktur f\u00fcr Wohn-, Schul- und Ausbildungszwecke.<br \/>\n[\/et_pb_text][et_pb_testimonial quote_icon=&#187;off&#187; _builder_version=&#187;4.16&#8243; background_color=&#187;#009bdc&#187; background_size=&#187;initial&#187; background_position=&#187;top_left&#187; background_repeat=&#187;repeat&#187; text_orientation=&#187;center&#187; background_layout=&#187;dark&#187; global_colors_info=&#187;{}&#187;]<\/p>\n<h3>Albisbrunn<\/h3>\n<h4>Pers\u00f6nlichkeitsbildung f\u00fcr Jugendliche in Entwicklungskrisen<\/h4>\n<p>[\/et_pb_testimonial][\/et_pb_column][\/et_pb_row][\/et_pb_section][et_pb_section fb_built=&#187;1&#8243; inner_shadow=&#187;on&#187; admin_label=&#187;section&#187; _builder_version=&#187;4.16&#8243; background_color=&#187;#e6e6e6&#8243; global_colors_info=&#187;{}&#187;][et_pb_row column_structure=&#187;2_3,1_3&#8243; admin_label=&#187;row&#187; _builder_version=&#187;4.16&#8243; background_size=&#187;initial&#187; background_position=&#187;top_left&#187; background_repeat=&#187;repeat&#187; global_colors_info=&#187;{}&#187;][et_pb_column type=&#187;2_3&#8243; _builder_version=&#187;4.16&#8243; custom_padding=&#187;|||&#187; global_colors_info=&#187;{}&#187; custom_padding__hover=&#187;|||&#187;][et_pb_text _builder_version=&#187;4.16&#8243; background_size=&#187;initial&#187; background_position=&#187;top_left&#187; background_repeat=&#187;repeat&#187; module_alignment=&#187;left&#187; global_colors_info=&#187;{}&#187;]<\/p>\n<h1>Ideeller Hintergrund<\/h1>\n<p><span style=\"line-height: 1.5em;\">Die Stiftung Albisbrunn ist konfessionell und politisch neutral. Sie f\u00f6rdert die aufgenommenen Jugendlichen unabh\u00e4ngig von ihrer Religion, Nationalit\u00e4t, Hautfarbe oder Schichtzugeh\u00f6rigkeit. Sie gesteht ihnen, entsprechend ihren Ressourcen und ihrem Potential, das Recht auf Pers\u00f6nlichkeitsentwicklung zu. \u00dcbergeordnetes Ziel ist dabei die Bef\u00e4higung, das Leben selbstverantwortlich zu gestalten. Die Stiftung Albisbrunn verpflichtet sich zur Wahrung des \u00ab\u00dcbereinkommens \u00fcber die Rechte des Kindes\u00bb und gew\u00e4hrleistet in der Organisation und Gestaltung des Bildungsauftrages die Standards der UN-Konvention.<\/span><br \/>\n[\/et_pb_text][et_pb_text _builder_version=&#187;4.16&#8243; background_size=&#187;initial&#187; background_position=&#187;top_left&#187; background_repeat=&#187;repeat&#187; module_alignment=&#187;left&#187; global_colors_info=&#187;{}&#187;]<\/p>\n<h1>Unsere Aufgabe<\/h1>\n<p>Die Stiftung Albisbrunn versteht sich als Einrichtung der station\u00e4ren Jugendhilfe bzw. als Sozialisationseinrichtung, die von verschiedenen Einweisungsinstanzen den Auftrag \u00fcbernimmt, junge Menschen in Entwicklungskrisen im Rahmen eines umfassenden Bildungs- und Erziehungsprogramms zur Bew\u00e4ltigung grundlegender Lebensanforderungen zu bef\u00e4higen. Dazu stellt sie ein umfassendes Angebot in den Bereichen Sozialp\u00e4dagogik, Psychotherapie, Schulbildung und Berufsbildung zur Verf\u00fcgung. Im Hinblick auf die Berufsbildung f\u00fchrt die Stiftung eine lehrplanorientierte Sonderschule der Oberstufe und eine Reihe von eigenen, marktorientierten Ausbildungsbetrieben.<br \/>\n[\/et_pb_text][\/et_pb_column][et_pb_column type=&#187;1_3&#8243; _builder_version=&#187;4.16&#8243; custom_padding=&#187;|||&#187; global_colors_info=&#187;{}&#187; custom_padding__hover=&#187;|||&#187;][et_pb_image src=&#187;https:\/\/www.albisbrunn.ch\/wp\/wp-content\/uploads\/2014\/03\/Stiftung_2.jpg&#187; alt=&#187;Stiftung Foto&#187; align_tablet=&#187;center&#187; align_phone=&#187;center&#187; align_last_edited=&#187;on|desktop&#187; _builder_version=&#187;4.16&#8243; animation_style=&#187;slide&#187; animation_direction=&#187;right&#187; animation_duration=&#187;500ms&#187; animation_intensity_slide=&#187;10%&#187; animation=&#187;right&#187; sticky=&#187;off&#187; global_colors_info=&#187;{}&#187;][\/et_pb_image][\/et_pb_column][\/et_pb_row][\/et_pb_section][et_pb_section fb_built=&#187;1&#8243; admin_label=&#187;section&#187; _builder_version=&#187;4.16&#8243; background_color=&#187;#2e2e2e&#187; min_height=&#187;276.8px&#187; custom_padding=&#187;||108px|||&#187; global_colors_info=&#187;{}&#187;][et_pb_row column_structure=&#187;1_3,1_3,1_3&#8243; admin_label=&#187;row&#187; _builder_version=&#187;4.16&#8243; background_size=&#187;initial&#187; background_position=&#187;top_left&#187; background_repeat=&#187;repeat&#187; min_height=&#187;284.8px&#187; global_colors_info=&#187;{}&#187;][et_pb_column type=&#187;1_3&#8243; _builder_version=&#187;4.16&#8243; custom_padding=&#187;|||&#187; global_colors_info=&#187;{}&#187; custom_padding__hover=&#187;|||&#187;][et_pb_text _builder_version=&#187;4.16&#8243; background_size=&#187;initial&#187; background_position=&#187;top_left&#187; background_repeat=&#187;repeat&#187; background_layout=&#187;dark&#187; module_alignment=&#187;left&#187; global_colors_info=&#187;{}&#187;]<\/p>\n<h1>Stiftungsrat der Stiftung Albisbrunn<\/h1>\n<p>[\/et_pb_text][\/et_pb_column][et_pb_column type=&#187;1_3&#8243; _builder_version=&#187;4.16&#8243; custom_padding=&#187;|||&#187; global_colors_info=&#187;{}&#187; custom_padding__hover=&#187;|||&#187;][et_pb_text _builder_version=&#187;4.19.4&#8243; background_size=&#187;initial&#187; background_position=&#187;top_left&#187; background_repeat=&#187;repeat&#187; background_layout=&#187;dark&#187; module_alignment=&#187;left&#187; hover_enabled=&#187;0&#8243; border_style=&#187;solid&#187; global_colors_info=&#187;{}&#187; sticky_enabled=&#187;0&#8243;]<\/p>\n<p><strong>Bruno Leiseder, Pr\u00e4sident Stiftungsrat<\/strong><br \/>6313 Edlibach<\/p>\n<p><strong>Thomas M. Meyer<br \/><\/strong>8607 Aathal-Seegr\u00e4ben<\/p>\n<p><strong>Mario Landolt,\u00a0Mitglied Betriebsausschuss und\u00a0Finanzkommission<br \/><\/strong>6340 Baar<strong><\/strong><\/p>\n<p>[\/et_pb_text][\/et_pb_column][et_pb_column type=&#187;1_3&#8243; _builder_version=&#187;4.16&#8243; custom_padding=&#187;|||&#187; global_colors_info=&#187;{}&#187; custom_padding__hover=&#187;|||&#187;][et_pb_text _builder_version=&#187;4.19.4&#8243; background_size=&#187;initial&#187; background_position=&#187;top_left&#187; background_repeat=&#187;repeat&#187; background_layout=&#187;dark&#187; module_alignment=&#187;left&#187; hover_enabled=&#187;0&#8243; global_colors_info=&#187;{}&#187; sticky_enabled=&#187;0&#8243; custom_padding=&#187;||0px|||&#187;]<\/p>\n<p><strong>Mario Zemp, Mitglied Finanzkommission<br \/><\/strong>6343 Rotkreuz<\/p>\n<p><strong>Sibylle von Andrian-Werburg<br \/><\/strong>6006 Luzern<\/p>\n<p><strong>\u00dcnal Can<br \/><\/strong>8142 Uitikon<\/p>\n<p>[\/et_pb_text][\/et_pb_column][\/et_pb_row][\/et_pb_section]<\/p>\n<span class=\"et_bloom_bottom_trigger\"><\/span>","protected":false},"excerpt":{"rendered":"<p>Die uns anvertrauten Jugendlichen sollen eine Chance erhalten ihr Leben mitzugestalten. Wir unterst\u00fctzen sie, damit sie die F\u00e4higkeiten erlangen, die Anforderungen des Lebens selbst\u00e4ndig zu bew\u00e4ltigen.Die Stiftung als Garant Rechtlicher Tr\u00e4ger des Schul- und Berufsbildungsheims Albisbrunn ist die Stiftung Albisbrunn, die im Handelsregister des Kantons Z\u00fcrich eingetragen ist. Die Stiftung finanziert sich aus den Taggeldern [&hellip;]<\/p>\n","protected":false},"author":1,"featured_media":0,"parent":0,"menu_order":5,"comment_status":"closed","ping_status":"closed","template":"","meta":{"_et_pb_use_builder":"on","_et_pb_old_content":"","_et_gb_content_width":"","footnotes":""},"class_list":["post-1967","page","type-page","status-publish","hentry"],"yoast_head":"<!-- This site is optimized with the Yoast SEO plugin v27.2 - https:\/\/yoast.com\/product\/yoast-seo-wordpress\/ -->\n<title>Stiftung - Albisbrunn<\/title>\n<meta name=\"description\" content=\"Die Stiftung Albisbrunn wurde im Jahre 1924 gegr\u00fcndet um junge Menschen, die in ihrer Entwicklung gef\u00e4hrdet sind, zu f\u00f6rdern.\" \/>\n<meta name=\"robots\" content=\"index, follow, max-snippet:-1, max-image-preview:large, max-video-preview:-1\" \/>\n<link rel=\"canonical\" href=\"https:\/\/www.albisbrunn.ch\/wp\/stiftung\/\" \/>\n<meta property=\"og:locale\" content=\"de_DE\" \/>\n<meta property=\"og:type\" content=\"article\" \/>\n<meta property=\"og:title\" content=\"Stiftung - Albisbrunn\" \/>\n<meta property=\"og:description\" content=\"Die Stiftung Albisbrunn wurde im Jahre 1924 gegr\u00fcndet um junge Menschen, die in ihrer Entwicklung gef\u00e4hrdet sind, zu f\u00f6rdern.\" \/>\n<meta property=\"og:url\" content=\"https:\/\/www.albisbrunn.ch\/wp\/stiftung\/\" \/>\n<meta property=\"og:site_name\" content=\"Albisbrunn\" \/>\n<meta property=\"article:modified_time\" content=\"2025-08-13T15:21:02+00:00\" \/>\n<meta property=\"og:image\" content=\"https:\/\/www.albisbrunn.ch\/wp\/wp-content\/uploads\/2014\/01\/Willkommen-Slide1.png\" \/>\n\t<meta property=\"og:image:width\" content=\"1020\" \/>\n\t<meta property=\"og:image:height\" content=\"1000\" \/>\n\t<meta property=\"og:image:type\" content=\"image\/png\" \/>\n<meta name=\"twitter:label1\" content=\"Gesch\u00e4tzte Lesezeit\" \/>\n\t<meta name=\"twitter:data1\" content=\"8\u00a0Minuten\" \/>\n<script type=\"application\/ld+json\" class=\"yoast-schema-graph\">{\"@context\":\"https:\/\/schema.org\",\"@graph\":[{\"@type\":\"WebPage\",\"@id\":\"https:\/\/www.albisbrunn.ch\/wp\/stiftung\/\",\"url\":\"https:\/\/www.albisbrunn.ch\/wp\/stiftung\/\",\"name\":\"Stiftung - Albisbrunn\",\"isPartOf\":{\"@id\":\"https:\/\/www.albisbrunn.ch\/wp\/#website\"},\"datePublished\":\"2014-03-20T11:52:09+00:00\",\"dateModified\":\"2025-08-13T15:21:02+00:00\",\"description\":\"Die Stiftung Albisbrunn wurde im Jahre 1924 gegr\u00fcndet um junge Menschen, die in ihrer Entwicklung gef\u00e4hrdet sind, zu f\u00f6rdern.\",\"breadcrumb\":{\"@id\":\"https:\/\/www.albisbrunn.ch\/wp\/stiftung\/#breadcrumb\"},\"inLanguage\":\"de-CH\",\"potentialAction\":[{\"@type\":\"ReadAction\",\"target\":[\"https:\/\/www.albisbrunn.ch\/wp\/stiftung\/\"]}]},{\"@type\":\"BreadcrumbList\",\"@id\":\"https:\/\/www.albisbrunn.ch\/wp\/stiftung\/#breadcrumb\",\"itemListElement\":[{\"@type\":\"ListItem\",\"position\":1,\"name\":\"Startseite\",\"item\":\"https:\/\/www.albisbrunn.ch\/wp\/\"},{\"@type\":\"ListItem\",\"position\":2,\"name\":\"Stiftung\"}]},{\"@type\":\"WebSite\",\"@id\":\"https:\/\/www.albisbrunn.ch\/wp\/#website\",\"url\":\"https:\/\/www.albisbrunn.ch\/wp\/\",\"name\":\"Albisbrunn\",\"description\":\"Pers\u00f6nlichkeitsbildung f\u00fcr Jugendliche in Entwicklungskrisen\",\"publisher\":{\"@id\":\"https:\/\/www.albisbrunn.ch\/wp\/#organization\"},\"potentialAction\":[{\"@type\":\"SearchAction\",\"target\":{\"@type\":\"EntryPoint\",\"urlTemplate\":\"https:\/\/www.albisbrunn.ch\/wp\/?s={search_term_string}\"},\"query-input\":{\"@type\":\"PropertyValueSpecification\",\"valueRequired\":true,\"valueName\":\"search_term_string\"}}],\"inLanguage\":\"de-CH\"},{\"@type\":\"Organization\",\"@id\":\"https:\/\/www.albisbrunn.ch\/wp\/#organization\",\"name\":\"Albisbrunn\",\"url\":\"https:\/\/www.albisbrunn.ch\/wp\/\",\"logo\":{\"@type\":\"ImageObject\",\"inLanguage\":\"de-CH\",\"@id\":\"https:\/\/www.albisbrunn.ch\/wp\/#\/schema\/logo\/image\/\",\"url\":\"https:\/\/www.albisbrunn.ch\/wp\/wp-content\/uploads\/2022\/01\/05_Logo_ALBISBRUNN_Logo_RGB.png\",\"contentUrl\":\"https:\/\/www.albisbrunn.ch\/wp\/wp-content\/uploads\/2022\/01\/05_Logo_ALBISBRUNN_Logo_RGB.png\",\"width\":2629,\"height\":344,\"caption\":\"Albisbrunn\"},\"image\":{\"@id\":\"https:\/\/www.albisbrunn.ch\/wp\/#\/schema\/logo\/image\/\"}}]}<\/script>\n<!-- \/ Yoast SEO plugin. -->","yoast_head_json":{"title":"Stiftung - Albisbrunn","description":"Die Stiftung Albisbrunn wurde im Jahre 1924 gegr\u00fcndet um junge Menschen, die in ihrer Entwicklung gef\u00e4hrdet sind, zu f\u00f6rdern.","robots":{"index":"index","follow":"follow","max-snippet":"max-snippet:-1","max-image-preview":"max-image-preview:large","max-video-preview":"max-video-preview:-1"},"canonical":"https:\/\/www.albisbrunn.ch\/wp\/stiftung\/","og_locale":"de_DE","og_type":"article","og_title":"Stiftung - Albisbrunn","og_description":"Die Stiftung Albisbrunn wurde im Jahre 1924 gegr\u00fcndet um junge Menschen, die in ihrer Entwicklung gef\u00e4hrdet sind, zu f\u00f6rdern.","og_url":"https:\/\/www.albisbrunn.ch\/wp\/stiftung\/","og_site_name":"Albisbrunn","article_modified_time":"2025-08-13T15:21:02+00:00","og_image":[{"width":1020,"height":1000,"url":"https:\/\/www.albisbrunn.ch\/wp\/wp-content\/uploads\/2014\/01\/Willkommen-Slide1.png","type":"image\/png"}],"twitter_misc":{"Gesch\u00e4tzte Lesezeit":"8\u00a0Minuten"},"schema":{"@context":"https:\/\/schema.org","@graph":[{"@type":"WebPage","@id":"https:\/\/www.albisbrunn.ch\/wp\/stiftung\/","url":"https:\/\/www.albisbrunn.ch\/wp\/stiftung\/","name":"Stiftung - Albisbrunn","isPartOf":{"@id":"https:\/\/www.albisbrunn.ch\/wp\/#website"},"datePublished":"2014-03-20T11:52:09+00:00","dateModified":"2025-08-13T15:21:02+00:00","description":"Die Stiftung Albisbrunn wurde im Jahre 1924 gegr\u00fcndet um junge Menschen, die in ihrer Entwicklung gef\u00e4hrdet sind, zu f\u00f6rdern.","breadcrumb":{"@id":"https:\/\/www.albisbrunn.ch\/wp\/stiftung\/#breadcrumb"},"inLanguage":"de-CH","potentialAction":[{"@type":"ReadAction","target":["https:\/\/www.albisbrunn.ch\/wp\/stiftung\/"]}]},{"@type":"BreadcrumbList","@id":"https:\/\/www.albisbrunn.ch\/wp\/stiftung\/#breadcrumb","itemListElement":[{"@type":"ListItem","position":1,"name":"Startseite","item":"https:\/\/www.albisbrunn.ch\/wp\/"},{"@type":"ListItem","position":2,"name":"Stiftung"}]},{"@type":"WebSite","@id":"https:\/\/www.albisbrunn.ch\/wp\/#website","url":"https:\/\/www.albisbrunn.ch\/wp\/","name":"Albisbrunn","description":"Pers\u00f6nlichkeitsbildung f\u00fcr Jugendliche in Entwicklungskrisen","publisher":{"@id":"https:\/\/www.albisbrunn.ch\/wp\/#organization"},"potentialAction":[{"@type":"SearchAction","target":{"@type":"EntryPoint","urlTemplate":"https:\/\/www.albisbrunn.ch\/wp\/?s={search_term_string}"},"query-input":{"@type":"PropertyValueSpecification","valueRequired":true,"valueName":"search_term_string"}}],"inLanguage":"de-CH"},{"@type":"Organization","@id":"https:\/\/www.albisbrunn.ch\/wp\/#organization","name":"Albisbrunn","url":"https:\/\/www.albisbrunn.ch\/wp\/","logo":{"@type":"ImageObject","inLanguage":"de-CH","@id":"https:\/\/www.albisbrunn.ch\/wp\/#\/schema\/logo\/image\/","url":"https:\/\/www.albisbrunn.ch\/wp\/wp-content\/uploads\/2022\/01\/05_Logo_ALBISBRUNN_Logo_RGB.png","contentUrl":"https:\/\/www.albisbrunn.ch\/wp\/wp-content\/uploads\/2022\/01\/05_Logo_ALBISBRUNN_Logo_RGB.png","width":2629,"height":344,"caption":"Albisbrunn"},"image":{"@id":"https:\/\/www.albisbrunn.ch\/wp\/#\/schema\/logo\/image\/"}}]}},"_links":{"self":[{"href":"https:\/\/www.albisbrunn.ch\/wp\/wp-json\/wp\/v2\/pages\/1967","targetHints":{"allow":["GET"]}}],"collection":[{"href":"https:\/\/www.albisbrunn.ch\/wp\/wp-json\/wp\/v2\/pages"}],"about":[{"href":"https:\/\/www.albisbrunn.ch\/wp\/wp-json\/wp\/v2\/types\/page"}],"author":[{"embeddable":true,"href":"https:\/\/www.albisbrunn.ch\/wp\/wp-json\/wp\/v2\/users\/1"}],"replies":[{"embeddable":true,"href":"https:\/\/www.albisbrunn.ch\/wp\/wp-json\/wp\/v2\/comments?post=1967"}],"version-history":[{"count":13,"href":"https:\/\/www.albisbrunn.ch\/wp\/wp-json\/wp\/v2\/pages\/1967\/revisions"}],"predecessor-version":[{"id":42666,"href":"https:\/\/www.albisbrunn.ch\/wp\/wp-json\/wp\/v2\/pages\/1967\/revisions\/42666"}],"wp:attachment":[{"href":"https:\/\/www.albisbrunn.ch\/wp\/wp-json\/wp\/v2\/media?parent=1967"}],"curies":[{"name":"wp","href":"https:\/\/api.w.org\/{rel}","templated":true}]}}