{"id":1321,"date":"2014-02-25T15:42:09","date_gmt":"2014-02-25T14:42:09","guid":{"rendered":"http:\/\/www.albisbrunn.ch\/wp\/?page_id=1321"},"modified":"2026-04-30T14:04:09","modified_gmt":"2026-04-30T12:04:09","slug":"angebot","status":"publish","type":"page","link":"https:\/\/www.albisbrunn.ch\/wp\/angebot\/","title":{"rendered":"Angebot"},"content":{"rendered":"<p>[et_pb_section fb_built=&#187;1&#8243; fullwidth=&#187;on&#187; _builder_version=&#187;4.16&#8243; global_colors_info=&#187;{}&#187;][et_pb_fullwidth_slider show_content_on_mobile=&#187;off&#187; admin_label=&#187;Fullwidth Slider&#187; _builder_version=&#187;4.16&#8243; body_font=&#187;||||||||&#187; body_font_size=&#187;22px&#187; body_line_height=&#187;1.9em&#187; parallax=&#187;on&#187; parallax_method=&#187;on&#187; custom_padding=&#187;|||&#187; custom_padding_tablet=&#187;|||&#187; custom_padding_phone=&#187;|||&#187; box_shadow_style=&#187;preset6&#8243; box_shadow_blur=&#187;10px&#187; box_shadow_color=&#187;rgba(0,0,0,0.1)&#187; remove_inner_shadow=&#187;off&#187; hide_content_on_mobile=&#187;on&#187; hide_cta_on_mobile=&#187;off&#187; show_inner_shadow=&#187;on&#187; button_letter_spacing_hover=&#187;0&#8243; global_colors_info=&#187;{}&#187; button_text_size__hover_enabled=&#187;off&#187; button_one_text_size__hover_enabled=&#187;off&#187; button_two_text_size__hover_enabled=&#187;off&#187; button_text_color__hover_enabled=&#187;off&#187; button_one_text_color__hover_enabled=&#187;off&#187; button_two_text_color__hover_enabled=&#187;off&#187; button_border_width__hover_enabled=&#187;off&#187; button_one_border_width__hover_enabled=&#187;off&#187; button_two_border_width__hover_enabled=&#187;off&#187; button_border_color__hover_enabled=&#187;off&#187; button_one_border_color__hover_enabled=&#187;off&#187; button_two_border_color__hover_enabled=&#187;off&#187; button_border_radius__hover_enabled=&#187;off&#187; button_one_border_radius__hover_enabled=&#187;off&#187; button_two_border_radius__hover_enabled=&#187;off&#187; button_letter_spacing__hover_enabled=&#187;on&#187; button_letter_spacing__hover=&#187;0&#8243; button_one_letter_spacing__hover_enabled=&#187;off&#187; button_two_letter_spacing__hover_enabled=&#187;off&#187; button_bg_color__hover_enabled=&#187;off&#187; button_one_bg_color__hover_enabled=&#187;off&#187; button_two_bg_color__hover_enabled=&#187;off&#187;][et_pb_slide heading=&#187;Das Angebot in Albisbrunn&#187; image_alt=&#187;Heim Titel Foto&#187; _builder_version=&#187;4.16&#8243; background_color=&#187;#ffffff&#187; background_image=&#187;https:\/\/www.albisbrunn.ch\/wp\/wp-content\/uploads\/2014\/02\/Titel-Heim1.jpg&#187; global_colors_info=&#187;{}&#187; button_text_size__hover_enabled=&#187;off&#187; button_one_text_size__hover_enabled=&#187;off&#187; button_two_text_size__hover_enabled=&#187;off&#187; button_text_color__hover_enabled=&#187;off&#187; button_one_text_color__hover_enabled=&#187;off&#187; button_two_text_color__hover_enabled=&#187;off&#187; button_border_width__hover_enabled=&#187;off&#187; button_one_border_width__hover_enabled=&#187;off&#187; button_two_border_width__hover_enabled=&#187;off&#187; button_border_color__hover_enabled=&#187;off&#187; button_one_border_color__hover_enabled=&#187;off&#187; button_two_border_color__hover_enabled=&#187;off&#187; button_border_radius__hover_enabled=&#187;off&#187; button_one_border_radius__hover_enabled=&#187;off&#187; button_two_border_radius__hover_enabled=&#187;off&#187; button_letter_spacing__hover_enabled=&#187;off&#187; button_one_letter_spacing__hover_enabled=&#187;off&#187; button_two_letter_spacing__hover_enabled=&#187;off&#187; button_bg_color__hover_enabled=&#187;off&#187; button_one_bg_color__hover_enabled=&#187;off&#187; button_two_bg_color__hover_enabled=&#187;off&#187; sticky_transition=&#187;on&#187;]<\/p>\n<p>Das umfassende Angebot in Albisbrunn erm\u00f6glicht den Jugendlichen, die Zeit von der Sekundarschule bis zum Berufsabschluss ohne belastende Wechsel in ein und derselben Institution zu verbringen.<\/p>\n<p>[\/et_pb_slide][\/et_pb_fullwidth_slider][\/et_pb_section][et_pb_section fb_built=&#187;1&#8243; _builder_version=&#187;4.16&#8243; background_color=&#187;#969696&#8243; global_colors_info=&#187;{}&#187;][et_pb_row column_structure=&#187;1_3,2_3&#8243; _builder_version=&#187;4.16&#8243; background_size=&#187;initial&#187; background_position=&#187;top_left&#187; background_repeat=&#187;repeat&#187; global_colors_info=&#187;{}&#187;][et_pb_column type=&#187;1_3&#8243; _builder_version=&#187;4.16&#8243; custom_padding=&#187;|||&#187; global_colors_info=&#187;{}&#187; custom_padding__hover=&#187;|||&#187;][et_pb_text admin_label=&#187;Text&#187; _builder_version=&#187;4.16&#8243; background_size=&#187;initial&#187; background_position=&#187;top_left&#187; background_repeat=&#187;repeat&#187; text_orientation=&#187;right&#187; background_layout=&#187;dark&#187; global_colors_info=&#187;{}&#187;]<\/p>\n<h1>Umfassende Starthilfe f\u00fcr Jugendliche in Entwicklungskrisen<\/h1>\n<p>[\/et_pb_text][\/et_pb_column][et_pb_column type=&#187;2_3&#8243; _builder_version=&#187;4.16&#8243; custom_padding=&#187;|||&#187; global_colors_info=&#187;{}&#187; custom_padding__hover=&#187;|||&#187;][et_pb_text admin_label=&#187;Text&#187; _builder_version=&#187;4.19.4&#8243; background_size=&#187;initial&#187; background_position=&#187;top_left&#187; background_repeat=&#187;repeat&#187; background_layout=&#187;dark&#187; global_colors_info=&#187;{}&#187;]<\/p>\n<p>Albisbrunn ist eine Einrichtung der station\u00e4ren Jugendhilfe f\u00fcr m\u00e4nnliche Jugendliche in Entwicklungskrisen. Grundlegendes Ziel des Schul- und Berufsbildungsheims ist es, den Jugendlichen jene F\u00e4higkeiten zu vermitteln, die es braucht, um die Anforderungen des Lebens und der Gesellschaft selbstst\u00e4ndig zu bew\u00e4ltigen. Albisbrunn bietet dazu ein breit angelegtes Bildungs- und Erziehungsprogramm an, in dem die Bereiche Sozialp\u00e4dagogik, Psychotherapie, Schulbildung, Berufsbildung und Arbeitsagogik vernetzt zusammenarbeiten.<\/p>\n<p>[\/et_pb_text][\/et_pb_column][\/et_pb_row][\/et_pb_section][et_pb_section fb_built=&#187;1&#8243; _builder_version=&#187;4.16&#8243; global_colors_info=&#187;{}&#187;][et_pb_row column_structure=&#187;2_5,3_5&#8243; _builder_version=&#187;4.16&#8243; _module_preset=&#187;default&#187; global_colors_info=&#187;{}&#187;][et_pb_column type=&#187;2_5&#8243; _builder_version=&#187;4.16&#8243; _module_preset=&#187;default&#187; global_colors_info=&#187;{}&#187;][et_pb_text admin_label=&#187;Text&#187; _builder_version=&#187;4.16&#8243; background_size=&#187;initial&#187; background_position=&#187;top_left&#187; background_repeat=&#187;repeat&#187; text_orientation=&#187;center&#187; module_alignment=&#187;center&#187; global_colors_info=&#187;{}&#187;]<\/p>\n<h1>Angebot<\/h1>\n<p>[\/et_pb_text][et_pb_text ul_type=&#187;circle&#187; ul_position=&#187;inside&#187; _builder_version=&#187;4.16&#8243; _module_preset=&#187;default&#187; text_text_color=&#187;#ffffff&#187; text_font_size=&#187;17px&#187; text_line_height=&#187;1.2em&#187; ul_font=&#187;||||||||&#187; ul_text_color=&#187;#ffffff&#187; ul_font_size=&#187;15px&#187; ul_line_height=&#187;2.1em&#187; background_color=&#187;#FF8D00&#8243; custom_padding=&#187;10px|4px|10px|10px|false|false&#187; global_colors_info=&#187;{}&#187; ul_text_color__hover_enabled=&#187;on|desktop&#187; ul_text_color__hover=&#187;#6d6d6d&#187;]<\/p>\n<p>\u2714 Vollbetreutes sozialp\u00e4dagogisches Wohnen<\/p>\n<p>\u2714 Teilbetreutes sozialp\u00e4dagogisches Wohnen<\/p>\n<p>\u2714 Sonderschule Sekundarstufe Typ A auf allen Niveaus<\/p>\n<p>\u2714 Tagessonderschule Typ A auf allen Niveaus<\/p>\n<p>\u2714 Training und Orientierung (Berufswahl)<\/p>\n<p>\u2714 Praktika in diversen Betrieben<\/p>\n<p>\u2714 EFZ \/ EBA Ausbildungen in diversen Betrieben<\/p>\n<p>\u2714 Psychotherapie \/ Kunst- und Ausdruckstherapie \/ Psychiatrische Betreuung<\/p>\n<p>[\/et_pb_text][\/et_pb_column][et_pb_column type=&#187;3_5&#8243; _builder_version=&#187;4.16&#8243; _module_preset=&#187;default&#187; global_colors_info=&#187;{}&#187;][et_pb_text admin_label=&#187;Text&#187; _builder_version=&#187;4.16&#8243; background_size=&#187;initial&#187; background_position=&#187;top_left&#187; background_repeat=&#187;repeat&#187; global_colors_info=&#187;{}&#187;]<\/p>\n<h2>Junge M\u00e4nner<\/h2>\n<p>Albisbrunn bietet ein vollbetreutes sozialp\u00e4dagogisches Wohnen mit Bildungsangebot und Therapieangebot f\u00fcr normalbegabte m\u00e4nnliche Jugendliche in Entwicklungskrisen ab anfangs Sekundarstufe (ab ca. 13 Jahre) bis zum Ende der Berufsbildung an.<\/p>\n<h2>Junge Frauen<\/h2>\n<p>Auch normalbegabte weibliche Jugendliche in Entwicklungskrisen k\u00f6nnen von unseren Bildungsangeboten und der Therapie profitieren. Ein vollbetreutes, sozialp\u00e4dagogisches Wohnen in Albisbrunn ist f\u00fcr junge Frauen leider nicht m\u00f6glich. Gerne pr\u00fcfen wir mit Ihnen zusammen, falls n\u00f6tig, externe Wohnl\u00f6sungen.\u00a0<\/p>\n<h2>Aufenthaltsdauer<\/h2>\n<p>Der Aufenthalt in Albisbrunn dauert in der Regel mindestens zwei Jahre. Jugendliche, die eine interne Lehre beginnen, bleiben zumeist w\u00e4hrend der ganzen Ausbildungszeit in Albisbrunn. Albisbrunn erm\u00f6glicht zudem, externen Lernenden eine Berufsausbildung als Tagesaufenthalter in den internen Produktions- und Dienstleistungsbetrieben zu absolvieren.<\/p>\n<h2>Was gegen eine Aufnahme spricht<\/h2>\n<p>Die Angebote und Infrastruktur in Albisbrunn sind weder auf akute Suizidalit\u00e4t, schwere Suchterkrankungen und psychotische Symptomatik, noch auf geistige, sowie gravierende k\u00f6rperliche Behinderung ausgelegt.<\/p>\n<p>[\/et_pb_text][\/et_pb_column][\/et_pb_row][et_pb_row _builder_version=&#187;4.16&#8243; background_size=&#187;initial&#187; background_position=&#187;top_left&#187; background_repeat=&#187;repeat&#187; global_colors_info=&#187;{}&#187;][et_pb_column type=&#187;4_4&#8243; _builder_version=&#187;4.16&#8243; custom_padding=&#187;|||&#187; global_colors_info=&#187;{}&#187; custom_padding__hover=&#187;|||&#187;][et_pb_cta title=&#187;Aufnahme von Jugendlichen&#187; button_url=&#187;https:\/\/www.albisbrunn.ch\/wp\/heim\/aufnahme\/&#187; button_text=&#187;Weiterlesen&#8230;&#187; admin_label=&#187;Call To Action&#187; _builder_version=&#187;4.16&#8243; background_color=&#187;#1268B3&#8243; background_size=&#187;initial&#187; background_position=&#187;top_left&#187; background_repeat=&#187;repeat&#187; global_colors_info=&#187;{}&#187; button_text_size__hover_enabled=&#187;off&#187; button_one_text_size__hover_enabled=&#187;off&#187; button_two_text_size__hover_enabled=&#187;off&#187; button_text_color__hover_enabled=&#187;off&#187; button_one_text_color__hover_enabled=&#187;off&#187; button_two_text_color__hover_enabled=&#187;off&#187; button_border_width__hover_enabled=&#187;off&#187; button_one_border_width__hover_enabled=&#187;off&#187; button_two_border_width__hover_enabled=&#187;off&#187; button_border_color__hover_enabled=&#187;off&#187; button_one_border_color__hover_enabled=&#187;off&#187; button_two_border_color__hover_enabled=&#187;off&#187; button_border_radius__hover_enabled=&#187;off&#187; button_one_border_radius__hover_enabled=&#187;off&#187; button_two_border_radius__hover_enabled=&#187;off&#187; button_letter_spacing__hover_enabled=&#187;off&#187; button_one_letter_spacing__hover_enabled=&#187;off&#187; button_two_letter_spacing__hover_enabled=&#187;off&#187; button_bg_color__hover_enabled=&#187;off&#187; button_one_bg_color__hover_enabled=&#187;off&#187; button_two_bg_color__hover_enabled=&#187;off&#187;]<\/p>\n<p>Setzen Sie sich direkt mit unserer Kontaktperson f\u00fcr Aufnahmen in Verbindung um \u00fcber eine zuk\u00fcnftige Platzierung in Albisbrunn zu sprechen. Gerne geben wir Ihnen auch pers\u00f6nlich weitere Ausk\u00fcnfte.<\/p>\n<p>[\/et_pb_cta][\/et_pb_column][\/et_pb_row][\/et_pb_section][et_pb_section fb_built=&#187;1&#8243; _builder_version=&#187;4.16&#8243; background_color=&#187;#2e2e2e&#187; global_colors_info=&#187;{}&#187;][et_pb_row column_structure=&#187;1_3,2_3&#8243; _builder_version=&#187;4.16&#8243; background_size=&#187;initial&#187; background_position=&#187;top_left&#187; background_repeat=&#187;repeat&#187; global_colors_info=&#187;{}&#187;][et_pb_column type=&#187;1_3&#8243; _builder_version=&#187;4.16&#8243; custom_padding=&#187;|||&#187; global_colors_info=&#187;{}&#187; custom_padding__hover=&#187;|||&#187;][et_pb_text admin_label=&#187;Text&#187; _builder_version=&#187;4.16&#8243; background_size=&#187;initial&#187; background_position=&#187;top_left&#187; background_repeat=&#187;repeat&#187; background_layout=&#187;dark&#187; global_colors_info=&#187;{}&#187;]<\/p>\n<h1>Grundlagen in Albisbrunn<\/h1>\n<p>[\/et_pb_text][\/et_pb_column][et_pb_column type=&#187;2_3&#8243; _builder_version=&#187;4.16&#8243; custom_padding=&#187;|||&#187; global_colors_info=&#187;{}&#187; custom_padding__hover=&#187;|||&#187;][et_pb_text admin_label=&#187;Text&#187; _builder_version=&#187;4.16&#8243; background_size=&#187;initial&#187; background_position=&#187;top_left&#187; background_repeat=&#187;repeat&#187; background_layout=&#187;dark&#187; global_colors_info=&#187;{}&#187;]Die Grundlagen f\u00fcr die Arbeit in Albisbrunn bilden das Rahmenkonzept, die Konzepte der Sozialp\u00e4dagogik, der Schulbildung, der Berufsbildung und der \u00a0Psychotherapie. Albisbrunn versteht sich als lernende Organisation, deren konzeptionelle Grundlagen kontinuierlich an aktuelle Ver\u00e4nderungen angepasst werden. Die geltenden Konzeptpapiere werden <a title=\"Kontakt\" href=\"https:\/\/www.albisbrunn.ch\/wp\/kontakt\/\">auf Anfrage<\/a> gerne zur Einsichtnahme zur Verf\u00fcgung gestellt.<br \/>\n[\/et_pb_text][\/et_pb_column][\/et_pb_row][\/et_pb_section]<\/p>\n<span class=\"et_bloom_bottom_trigger\"><\/span>","protected":false},"excerpt":{"rendered":"<p>Das umfassende Angebot in Albisbrunn erm\u00f6glicht den Jugendlichen, die Zeit von der Sekundarschule bis zum Berufsabschluss ohne belastende Wechsel in ein und derselben Institution zu verbringen.Umfassende Starthilfe f\u00fcr Jugendliche in Entwicklungskrisen Albisbrunn ist eine Einrichtung der station\u00e4ren Jugendhilfe f\u00fcr m\u00e4nnliche Jugendliche in Entwicklungskrisen. Grundlegendes Ziel des Schul- und Berufsbildungsheims ist es, den Jugendlichen jene F\u00e4higkeiten [&hellip;]<\/p>\n","protected":false},"author":1,"featured_media":0,"parent":0,"menu_order":2,"comment_status":"closed","ping_status":"closed","template":"","meta":{"_et_pb_use_builder":"on","_et_pb_old_content":"","_et_gb_content_width":"","footnotes":""},"class_list":["post-1321","page","type-page","status-publish","hentry"],"yoast_head":"<!-- This site is optimized with the Yoast SEO plugin v27.5 - https:\/\/yoast.com\/product\/yoast-seo-wordpress\/ -->\n<title>Angebot - Albisbrunn<\/title>\n<meta name=\"description\" content=\"Ziel des Schul- und Berufsbildungsheims ist es, den Jugendlichen F\u00e4higkeiten zu vermitteln, um die Anforderungen des Lebens selbstst\u00e4ndig zu bew\u00e4ltigen.\" \/>\n<meta name=\"robots\" content=\"index, follow, max-snippet:-1, max-image-preview:large, max-video-preview:-1\" \/>\n<link rel=\"canonical\" href=\"https:\/\/www.albisbrunn.ch\/wp\/angebot\/\" \/>\n<meta property=\"og:locale\" content=\"de_DE\" \/>\n<meta property=\"og:type\" content=\"article\" \/>\n<meta property=\"og:title\" content=\"Angebot - Albisbrunn\" \/>\n<meta property=\"og:description\" content=\"Ziel des Schul- und Berufsbildungsheims ist es, den Jugendlichen F\u00e4higkeiten zu vermitteln, um die Anforderungen des Lebens selbstst\u00e4ndig zu bew\u00e4ltigen.\" \/>\n<meta property=\"og:url\" content=\"https:\/\/www.albisbrunn.ch\/wp\/angebot\/\" \/>\n<meta property=\"og:site_name\" content=\"Albisbrunn\" \/>\n<meta property=\"article:modified_time\" content=\"2026-04-30T12:04:09+00:00\" \/>\n<meta property=\"og:image\" content=\"https:\/\/www.albisbrunn.ch\/wp\/wp-content\/uploads\/2014\/01\/Willkommen-Slide1.png\" \/>\n\t<meta property=\"og:image:width\" content=\"1020\" \/>\n\t<meta property=\"og:image:height\" content=\"1000\" \/>\n\t<meta property=\"og:image:type\" content=\"image\/png\" \/>\n<meta name=\"twitter:label1\" content=\"Gesch\u00e4tzte Lesezeit\" \/>\n\t<meta name=\"twitter:data1\" content=\"4\u00a0Minuten\" \/>\n<script type=\"application\/ld+json\" class=\"yoast-schema-graph\">{\"@context\":\"https:\\\/\\\/schema.org\",\"@graph\":[{\"@type\":\"WebPage\",\"@id\":\"https:\\\/\\\/www.albisbrunn.ch\\\/wp\\\/angebot\\\/\",\"url\":\"https:\\\/\\\/www.albisbrunn.ch\\\/wp\\\/angebot\\\/\",\"name\":\"Angebot - Albisbrunn\",\"isPartOf\":{\"@id\":\"https:\\\/\\\/www.albisbrunn.ch\\\/wp\\\/#website\"},\"datePublished\":\"2014-02-25T14:42:09+00:00\",\"dateModified\":\"2026-04-30T12:04:09+00:00\",\"description\":\"Ziel des Schul- und Berufsbildungsheims ist es, den Jugendlichen F\u00e4higkeiten zu vermitteln, um die Anforderungen des Lebens selbstst\u00e4ndig zu bew\u00e4ltigen.\",\"breadcrumb\":{\"@id\":\"https:\\\/\\\/www.albisbrunn.ch\\\/wp\\\/angebot\\\/#breadcrumb\"},\"inLanguage\":\"de-CH\",\"potentialAction\":[{\"@type\":\"ReadAction\",\"target\":[\"https:\\\/\\\/www.albisbrunn.ch\\\/wp\\\/angebot\\\/\"]}]},{\"@type\":\"BreadcrumbList\",\"@id\":\"https:\\\/\\\/www.albisbrunn.ch\\\/wp\\\/angebot\\\/#breadcrumb\",\"itemListElement\":[{\"@type\":\"ListItem\",\"position\":1,\"name\":\"Startseite\",\"item\":\"https:\\\/\\\/www.albisbrunn.ch\\\/wp\\\/\"},{\"@type\":\"ListItem\",\"position\":2,\"name\":\"Angebot\"}]},{\"@type\":\"WebSite\",\"@id\":\"https:\\\/\\\/www.albisbrunn.ch\\\/wp\\\/#website\",\"url\":\"https:\\\/\\\/www.albisbrunn.ch\\\/wp\\\/\",\"name\":\"Albisbrunn\",\"description\":\"Pers\u00f6nlichkeitsbildung f\u00fcr Jugendliche in Entwicklungskrisen\",\"publisher\":{\"@id\":\"https:\\\/\\\/www.albisbrunn.ch\\\/wp\\\/#organization\"},\"potentialAction\":[{\"@type\":\"SearchAction\",\"target\":{\"@type\":\"EntryPoint\",\"urlTemplate\":\"https:\\\/\\\/www.albisbrunn.ch\\\/wp\\\/?s={search_term_string}\"},\"query-input\":{\"@type\":\"PropertyValueSpecification\",\"valueRequired\":true,\"valueName\":\"search_term_string\"}}],\"inLanguage\":\"de-CH\"},{\"@type\":\"Organization\",\"@id\":\"https:\\\/\\\/www.albisbrunn.ch\\\/wp\\\/#organization\",\"name\":\"Albisbrunn\",\"url\":\"https:\\\/\\\/www.albisbrunn.ch\\\/wp\\\/\",\"logo\":{\"@type\":\"ImageObject\",\"inLanguage\":\"de-CH\",\"@id\":\"https:\\\/\\\/www.albisbrunn.ch\\\/wp\\\/#\\\/schema\\\/logo\\\/image\\\/\",\"url\":\"https:\\\/\\\/www.albisbrunn.ch\\\/wp\\\/wp-content\\\/uploads\\\/2022\\\/01\\\/05_Logo_ALBISBRUNN_Logo_RGB.png\",\"contentUrl\":\"https:\\\/\\\/www.albisbrunn.ch\\\/wp\\\/wp-content\\\/uploads\\\/2022\\\/01\\\/05_Logo_ALBISBRUNN_Logo_RGB.png\",\"width\":2629,\"height\":344,\"caption\":\"Albisbrunn\"},\"image\":{\"@id\":\"https:\\\/\\\/www.albisbrunn.ch\\\/wp\\\/#\\\/schema\\\/logo\\\/image\\\/\"}}]}<\/script>\n<!-- \/ Yoast SEO plugin. -->","yoast_head_json":{"title":"Angebot - Albisbrunn","description":"Ziel des Schul- und Berufsbildungsheims ist es, den Jugendlichen F\u00e4higkeiten zu vermitteln, um die Anforderungen des Lebens selbstst\u00e4ndig zu bew\u00e4ltigen.","robots":{"index":"index","follow":"follow","max-snippet":"max-snippet:-1","max-image-preview":"max-image-preview:large","max-video-preview":"max-video-preview:-1"},"canonical":"https:\/\/www.albisbrunn.ch\/wp\/angebot\/","og_locale":"de_DE","og_type":"article","og_title":"Angebot - Albisbrunn","og_description":"Ziel des Schul- und Berufsbildungsheims ist es, den Jugendlichen F\u00e4higkeiten zu vermitteln, um die Anforderungen des Lebens selbstst\u00e4ndig zu bew\u00e4ltigen.","og_url":"https:\/\/www.albisbrunn.ch\/wp\/angebot\/","og_site_name":"Albisbrunn","article_modified_time":"2026-04-30T12:04:09+00:00","og_image":[{"width":1020,"height":1000,"url":"https:\/\/www.albisbrunn.ch\/wp\/wp-content\/uploads\/2014\/01\/Willkommen-Slide1.png","type":"image\/png"}],"twitter_misc":{"Gesch\u00e4tzte Lesezeit":"4\u00a0Minuten"},"schema":{"@context":"https:\/\/schema.org","@graph":[{"@type":"WebPage","@id":"https:\/\/www.albisbrunn.ch\/wp\/angebot\/","url":"https:\/\/www.albisbrunn.ch\/wp\/angebot\/","name":"Angebot - Albisbrunn","isPartOf":{"@id":"https:\/\/www.albisbrunn.ch\/wp\/#website"},"datePublished":"2014-02-25T14:42:09+00:00","dateModified":"2026-04-30T12:04:09+00:00","description":"Ziel des Schul- und Berufsbildungsheims ist es, den Jugendlichen F\u00e4higkeiten zu vermitteln, um die Anforderungen des Lebens selbstst\u00e4ndig zu bew\u00e4ltigen.","breadcrumb":{"@id":"https:\/\/www.albisbrunn.ch\/wp\/angebot\/#breadcrumb"},"inLanguage":"de-CH","potentialAction":[{"@type":"ReadAction","target":["https:\/\/www.albisbrunn.ch\/wp\/angebot\/"]}]},{"@type":"BreadcrumbList","@id":"https:\/\/www.albisbrunn.ch\/wp\/angebot\/#breadcrumb","itemListElement":[{"@type":"ListItem","position":1,"name":"Startseite","item":"https:\/\/www.albisbrunn.ch\/wp\/"},{"@type":"ListItem","position":2,"name":"Angebot"}]},{"@type":"WebSite","@id":"https:\/\/www.albisbrunn.ch\/wp\/#website","url":"https:\/\/www.albisbrunn.ch\/wp\/","name":"Albisbrunn","description":"Pers\u00f6nlichkeitsbildung f\u00fcr Jugendliche in Entwicklungskrisen","publisher":{"@id":"https:\/\/www.albisbrunn.ch\/wp\/#organization"},"potentialAction":[{"@type":"SearchAction","target":{"@type":"EntryPoint","urlTemplate":"https:\/\/www.albisbrunn.ch\/wp\/?s={search_term_string}"},"query-input":{"@type":"PropertyValueSpecification","valueRequired":true,"valueName":"search_term_string"}}],"inLanguage":"de-CH"},{"@type":"Organization","@id":"https:\/\/www.albisbrunn.ch\/wp\/#organization","name":"Albisbrunn","url":"https:\/\/www.albisbrunn.ch\/wp\/","logo":{"@type":"ImageObject","inLanguage":"de-CH","@id":"https:\/\/www.albisbrunn.ch\/wp\/#\/schema\/logo\/image\/","url":"https:\/\/www.albisbrunn.ch\/wp\/wp-content\/uploads\/2022\/01\/05_Logo_ALBISBRUNN_Logo_RGB.png","contentUrl":"https:\/\/www.albisbrunn.ch\/wp\/wp-content\/uploads\/2022\/01\/05_Logo_ALBISBRUNN_Logo_RGB.png","width":2629,"height":344,"caption":"Albisbrunn"},"image":{"@id":"https:\/\/www.albisbrunn.ch\/wp\/#\/schema\/logo\/image\/"}}]}},"_links":{"self":[{"href":"https:\/\/www.albisbrunn.ch\/wp\/wp-json\/wp\/v2\/pages\/1321","targetHints":{"allow":["GET"]}}],"collection":[{"href":"https:\/\/www.albisbrunn.ch\/wp\/wp-json\/wp\/v2\/pages"}],"about":[{"href":"https:\/\/www.albisbrunn.ch\/wp\/wp-json\/wp\/v2\/types\/page"}],"author":[{"embeddable":true,"href":"https:\/\/www.albisbrunn.ch\/wp\/wp-json\/wp\/v2\/users\/1"}],"replies":[{"embeddable":true,"href":"https:\/\/www.albisbrunn.ch\/wp\/wp-json\/wp\/v2\/comments?post=1321"}],"version-history":[{"count":12,"href":"https:\/\/www.albisbrunn.ch\/wp\/wp-json\/wp\/v2\/pages\/1321\/revisions"}],"predecessor-version":[{"id":43167,"href":"https:\/\/www.albisbrunn.ch\/wp\/wp-json\/wp\/v2\/pages\/1321\/revisions\/43167"}],"wp:attachment":[{"href":"https:\/\/www.albisbrunn.ch\/wp\/wp-json\/wp\/v2\/media?parent=1321"}],"curies":[{"name":"wp","href":"https:\/\/api.w.org\/{rel}","templated":true}]}}